{"id":521,"date":"2024-09-17T18:22:51","date_gmt":"2024-09-17T18:22:51","guid":{"rendered":"https:\/\/defensetechforukraine.org\/?page_id=521"},"modified":"2024-09-19T13:12:59","modified_gmt":"2024-09-19T13:12:59","slug":"fpv","status":"publish","type":"page","link":"https:\/\/defensetechforukraine.org\/ro\/fpv\/","title":{"rendered":"FPV"},"content":{"rendered":"<div data-elementor-type=\"wp-page\" data-elementor-id=\"521\" class=\"elementor elementor-521\" data-elementor-post-type=\"page\">\n\t\t\t\t\t\t<section class=\"elementor-section elementor-top-section elementor-element elementor-element-42b8864 elementor-section-full_width elementor-section-height-default elementor-section-height-default\" data-id=\"42b8864\" data-element_type=\"section\" data-e-type=\"section\" data-settings=\"{&quot;background_background&quot;:&quot;classic&quot;}\">\n\t\t\t\t\t\t\t<div class=\"elementor-background-overlay\"><\/div>\n\t\t\t\t\t\t\t<div class=\"elementor-container elementor-column-gap-no\">\n\t\t\t\t\t<div class=\"elementor-column elementor-col-100 elementor-top-column elementor-element elementor-element-ffcc656\" data-id=\"ffcc656\" data-element_type=\"column\" data-e-type=\"column\">\n\t\t\t<div class=\"elementor-widget-wrap elementor-element-populated\">\n\t\t\t\t\t\t<div class=\"elementor-element elementor-element-bb70260 elementor-widget elementor-widget-heading\" data-id=\"bb70260\" data-element_type=\"widget\" data-e-type=\"widget\" data-widget_type=\"heading.default\">\n\t\t\t\t<div class=\"elementor-widget-container\">\n\t\t\t\t\t<h1 class=\"elementor-heading-title elementor-size-default\">Dron\u0103 FPV<\/h1>\t\t\t\t<\/div>\n\t\t\t\t<\/div>\n\t\t\t\t<div class=\"elementor-element elementor-element-3538b0e elementor-widget__width-auto bread_01 elementor-widget elementor-widget-shortcode\" data-id=\"3538b0e\" data-element_type=\"widget\" data-e-type=\"widget\" data-widget_type=\"shortcode.default\">\n\t\t\t\t<div class=\"elementor-widget-container\">\n\t\t\t\t\t\t\t<div class=\"elementor-shortcode\">\t\t\t<!-- Flexy Breadcrumb -->\r\n\t\t\t<div class=\"fbc fbc-page\">\r\n\r\n\t\t\t\t<!-- Breadcrumb wrapper -->\r\n\t\t\t\t<div class=\"fbc-wrap\">\r\n\r\n\t\t\t\t\t<!-- Ordered list-->\r\n\t\t\t\t\t<ol class=\"fbc-items\" itemscope itemtype=\"https:\/\/schema.org\/BreadcrumbList\">\r\n\t\t\t\t\t\t            <li itemprop=\"itemListElement\" itemscope itemtype=\"https:\/\/schema.org\/ListItem\">\r\n                <span itemprop=\"name\">\r\n                    <!-- Home Link -->\r\n                    <a itemprop=\"item\" href=\"https:\/\/defensetechforukraine.org\/ro\/\">\r\n                    \r\n                                                    <i class=\"fa fa-home\" aria-hidden=\"true\"><\/i>Acas\u0103                    <\/a>\r\n                <\/span>\r\n                <meta itemprop=\"position\" content=\"1\" \/><!-- Meta Position-->\r\n             <\/li><li><span class=\"fbc-separator\">\/<\/span><\/li><li class=\"active\" itemprop=\"itemListElement\" itemscope itemtype=\"https:\/\/schema.org\/ListItem\"><span itemprop=\"name\" title=\"FPV\">FPV<\/span><meta itemprop=\"position\" content=\"2\" \/><\/li>\t\t\t\t\t<\/ol>\r\n\t\t\t\t\t<div class=\"clearfix\"><\/div>\r\n\t\t\t\t<\/div>\r\n\t\t\t<\/div>\r\n\t\t\t<\/div>\n\t\t\t\t\t\t<\/div>\n\t\t\t\t<\/div>\n\t\t\t\t\t<\/div>\n\t\t<\/div>\n\t\t\t\t\t<\/div>\n\t\t<\/section>\n\t\t<div class=\"elementor-element elementor-element-de61599 e-flex e-con-boxed e-con e-parent\" data-id=\"de61599\" data-element_type=\"container\" data-e-type=\"container\" data-settings=\"{&quot;background_background&quot;:&quot;classic&quot;}\">\n\t\t\t\t\t<div class=\"e-con-inner\">\n\t\t<div class=\"elementor-element elementor-element-7c5a869 e-con-full e-flex e-con e-child\" data-id=\"7c5a869\" data-element_type=\"container\" data-e-type=\"container\">\n\t\t<div class=\"elementor-element elementor-element-e1e0608 e-con-full e-flex e-con e-child\" data-id=\"e1e0608\" data-element_type=\"container\" data-e-type=\"container\">\n\t\t<div class=\"elementor-element elementor-element-a667d47 e-con-full e-flex e-con e-child\" data-id=\"a667d47\" data-element_type=\"container\" data-e-type=\"container\">\n\t\t\t\t<div class=\"elementor-element elementor-element-c7a6390 elementor-widget elementor-widget-heading\" data-id=\"c7a6390\" data-element_type=\"widget\" data-e-type=\"widget\" data-widget_type=\"heading.default\">\n\t\t\t\t<div class=\"elementor-widget-container\">\n\t\t\t\t\t<h6 class=\"elementor-heading-title elementor-size-default\">Despre ISR | Recon<\/h6>\t\t\t\t<\/div>\n\t\t\t\t<\/div>\n\t\t\t\t<div class=\"elementor-element elementor-element-b15721a elementor-widget elementor-widget-heading\" data-id=\"b15721a\" data-element_type=\"widget\" data-e-type=\"widget\" data-widget_type=\"heading.default\">\n\t\t\t\t<div class=\"elementor-widget-container\">\n\t\t\t\t\t<h2 class=\"elementor-heading-title elementor-size-default\">Dronele pentru victorie<\/h2>\t\t\t\t<\/div>\n\t\t\t\t<\/div>\n\t\t\t\t<div class=\"elementor-element elementor-element-2d83e8b elementor-widget__width-auto elementor-absolute elementor-widget elementor-widget-image\" data-id=\"2d83e8b\" data-element_type=\"widget\" data-e-type=\"widget\" data-settings=\"{&quot;_position&quot;:&quot;absolute&quot;}\" data-widget_type=\"image.default\">\n\t\t\t\t<div class=\"elementor-widget-container\">\n\t\t\t\t\t\t\t\t\t\t\t\t\t\t\t<img fetchpriority=\"high\" decoding=\"async\" width=\"335\" height=\"360\" src=\"https:\/\/defensetechforukraine.org\/wp-content\/uploads\/2024\/09\/element-blur-3.png\" class=\"attachment-large size-large wp-image-32\" alt=\"\" srcset=\"https:\/\/defensetechforukraine.org\/wp-content\/uploads\/2024\/09\/element-blur-3.png 335w, https:\/\/defensetechforukraine.org\/wp-content\/uploads\/2024\/09\/element-blur-3-279x300.png 279w\" sizes=\"(max-width: 335px) 100vw, 335px\" \/>\t\t\t\t\t\t\t\t\t\t\t\t\t\t\t<\/div>\n\t\t\t\t<\/div>\n\t\t\t\t<\/div>\n\t\t<div class=\"elementor-element elementor-element-d3e4909 e-con-full e-flex e-con e-child\" data-id=\"d3e4909\" data-element_type=\"container\" data-e-type=\"container\">\n\t\t\t\t<div class=\"elementor-element elementor-element-ca7dc26 elementor-widget elementor-widget-text-editor\" data-id=\"ca7dc26\" data-element_type=\"widget\" data-e-type=\"widget\" data-widget_type=\"text-editor.default\">\n\t\t\t\t<div class=\"elementor-widget-container\">\n\t\t\t\t\t\t\t\t\t<p class=\"p1\">Colabora\u021bi cu re\u021beaua noastr\u0103 pentru a cre\u0219te aprovizionarea cu principalele tipuri de drone preg\u0103tite pentru c\u00e2mpul de lupt\u0103.<\/p>\t\t\t\t\t\t\t\t<\/div>\n\t\t\t\t<\/div>\n\t\t\t\t<\/div>\n\t\t\t\t<\/div>\n\t\t<div class=\"elementor-element elementor-element-603236f e-con-full e-flex e-con e-child\" data-id=\"603236f\" data-element_type=\"container\" data-e-type=\"container\">\n\t\t\t\t<div class=\"elementor-element elementor-element-5eb923e elementor-widget elementor-widget-video\" data-id=\"5eb923e\" data-element_type=\"widget\" data-e-type=\"widget\" data-settings=\"{&quot;video_type&quot;:&quot;hosted&quot;,&quot;autoplay&quot;:&quot;yes&quot;,&quot;play_on_mobile&quot;:&quot;yes&quot;,&quot;loop&quot;:&quot;yes&quot;,&quot;controls&quot;:&quot;yes&quot;}\" data-widget_type=\"video.default\">\n\t\t\t\t<div class=\"elementor-widget-container\">\n\t\t\t\t\t\t\t<div class=\"e-hosted-video elementor-wrapper elementor-open-inline\">\n\t\t\t\t\t<video class=\"elementor-video\" src=\"https:\/\/defensetechforukraine.org\/wp-content\/uploads\/2024\/09\/fpv_01-1.mp4\" autoplay=\"\" loop=\"\" controls=\"\" playsinline=\"\" controlslist=\"nodownload\"><\/video>\n\t\t\t\t<\/div>\n\t\t\t\t\t\t<\/div>\n\t\t\t\t<\/div>\n\t\t\t\t<\/div>\n\t\t\t\t<div class=\"elementor-element elementor-element-6d7a16a elementor-widget elementor-widget-text-editor\" data-id=\"6d7a16a\" data-element_type=\"widget\" data-e-type=\"widget\" data-widget_type=\"text-editor.default\">\n\t\t\t\t<div class=\"elementor-widget-container\">\n\t\t\t\t\t\t\t\t\t<p>Dronele militare pot fi \u00eemp\u0103r\u021bite \u00een dou\u0103 tipuri: Drone mari \u0219i scumpe, furnizate de obicei de guverne \u0219i armate. Aceast\u0103 categorie include toate dronele cu aripi fixe \u0219i pe cele cu sisteme de lansare a armelor \u00eencorporate.<\/p><p>Costul tipic al unei singure drone FPV este de $300-600. P\u00e2n\u0103 la $600 pentru cele mai bune drone de curs\u0103 lung\u0103. Semnalul video este analogic, spre deosebire de digitalul obi\u0219nuit. Dronele FPV cu semnal video digital pot costa pu\u021bin mai mult. Ucraina are nevoie de peste 100.000 pe lun\u0103.<\/p>\t\t\t\t\t\t\t\t<\/div>\n\t\t\t\t<\/div>\n\t\t<div class=\"elementor-element elementor-element-d826c00 e-con-full e-flex e-con e-child\" data-id=\"d826c00\" data-element_type=\"container\" data-e-type=\"container\">\n\t\t\t\t<div class=\"elementor-element elementor-element-c313df4 elementor-widget elementor-widget-image\" data-id=\"c313df4\" data-element_type=\"widget\" data-e-type=\"widget\" data-widget_type=\"image.default\">\n\t\t\t\t<div class=\"elementor-widget-container\">\n\t\t\t\t\t\t\t\t\t\t\t\t\t\t\t\t<a href=\"https:\/\/defensetechforukraine.org\/wp-content\/uploads\/2024\/09\/pexels-amar-12504497.webp\" data-elementor-open-lightbox=\"yes\" data-elementor-lightbox-title=\"pexels-amar-12504497\" data-e-action-hash=\"#elementor-action%3Aaction%3Dlightbox%26settings%3DeyJpZCI6NTYyLCJ1cmwiOiJodHRwczpcL1wvZGVmZW5zZXRlY2hmb3J1a3JhaW5lLm9yZ1wvd3AtY29udGVudFwvdXBsb2Fkc1wvMjAyNFwvMDlcL3BleGVscy1hbWFyLTEyNTA0NDk3LndlYnAifQ%3D%3D\">\n\t\t\t\t\t\t\t<img decoding=\"async\" width=\"1920\" height=\"1920\" src=\"https:\/\/defensetechforukraine.org\/wp-content\/uploads\/2024\/09\/pexels-amar-12504497.webp\" class=\"attachment-full size-full wp-image-562\" alt=\"\" srcset=\"https:\/\/defensetechforukraine.org\/wp-content\/uploads\/2024\/09\/pexels-amar-12504497.webp 1920w, https:\/\/defensetechforukraine.org\/wp-content\/uploads\/2024\/09\/pexels-amar-12504497-300x300.webp 300w, https:\/\/defensetechforukraine.org\/wp-content\/uploads\/2024\/09\/pexels-amar-12504497-1024x1024.webp 1024w, https:\/\/defensetechforukraine.org\/wp-content\/uploads\/2024\/09\/pexels-amar-12504497-150x150.webp 150w, https:\/\/defensetechforukraine.org\/wp-content\/uploads\/2024\/09\/pexels-amar-12504497-768x768.webp 768w, https:\/\/defensetechforukraine.org\/wp-content\/uploads\/2024\/09\/pexels-amar-12504497-1536x1536.webp 1536w\" sizes=\"(max-width: 1920px) 100vw, 1920px\" \/>\t\t\t\t\t\t\t\t<\/a>\n\t\t\t\t\t\t\t\t\t\t\t\t\t\t\t<\/div>\n\t\t\t\t<\/div>\n\t\t\t\t<div class=\"elementor-element elementor-element-e83ed9e elementor-widget elementor-widget-image\" data-id=\"e83ed9e\" data-element_type=\"widget\" data-e-type=\"widget\" data-widget_type=\"image.default\">\n\t\t\t\t<div class=\"elementor-widget-container\">\n\t\t\t\t\t\t\t\t\t\t\t\t\t\t\t\t<a href=\"https:\/\/defensetechforukraine.org\/wp-content\/uploads\/2024\/09\/pexels-will-s-63702874-8149947.webp\" data-elementor-open-lightbox=\"yes\" data-elementor-lightbox-title=\"pexels-will-s-63702874-8149947\" data-e-action-hash=\"#elementor-action%3Aaction%3Dlightbox%26settings%3DeyJpZCI6NTY0LCJ1cmwiOiJodHRwczpcL1wvZGVmZW5zZXRlY2hmb3J1a3JhaW5lLm9yZ1wvd3AtY29udGVudFwvdXBsb2Fkc1wvMjAyNFwvMDlcL3BleGVscy13aWxsLXMtNjM3MDI4NzQtODE0OTk0Ny53ZWJwIn0%3D\">\n\t\t\t\t\t\t\t<img decoding=\"async\" width=\"1920\" height=\"1920\" src=\"https:\/\/defensetechforukraine.org\/wp-content\/uploads\/2024\/09\/pexels-will-s-63702874-8149947.webp\" class=\"attachment-full size-full wp-image-564\" alt=\"\" srcset=\"https:\/\/defensetechforukraine.org\/wp-content\/uploads\/2024\/09\/pexels-will-s-63702874-8149947.webp 1920w, https:\/\/defensetechforukraine.org\/wp-content\/uploads\/2024\/09\/pexels-will-s-63702874-8149947-300x300.webp 300w, https:\/\/defensetechforukraine.org\/wp-content\/uploads\/2024\/09\/pexels-will-s-63702874-8149947-1024x1024.webp 1024w, https:\/\/defensetechforukraine.org\/wp-content\/uploads\/2024\/09\/pexels-will-s-63702874-8149947-150x150.webp 150w, https:\/\/defensetechforukraine.org\/wp-content\/uploads\/2024\/09\/pexels-will-s-63702874-8149947-768x768.webp 768w, https:\/\/defensetechforukraine.org\/wp-content\/uploads\/2024\/09\/pexels-will-s-63702874-8149947-1536x1536.webp 1536w\" sizes=\"(max-width: 1920px) 100vw, 1920px\" \/>\t\t\t\t\t\t\t\t<\/a>\n\t\t\t\t\t\t\t\t\t\t\t\t\t\t\t<\/div>\n\t\t\t\t<\/div>\n\t\t\t\t<div class=\"elementor-element elementor-element-510d78a elementor-widget elementor-widget-image\" data-id=\"510d78a\" data-element_type=\"widget\" data-e-type=\"widget\" data-widget_type=\"image.default\">\n\t\t\t\t<div class=\"elementor-widget-container\">\n\t\t\t\t\t\t\t\t\t\t\t\t\t\t\t\t<a href=\"https:\/\/defensetechforukraine.org\/wp-content\/uploads\/2024\/09\/fpv_03.webp\" data-elementor-open-lightbox=\"yes\" data-elementor-lightbox-title=\"fpv_03\" data-e-action-hash=\"#elementor-action%3Aaction%3Dlightbox%26settings%3DeyJpZCI6ODgyLCJ1cmwiOiJodHRwczpcL1wvZGVmZW5zZXRlY2hmb3J1a3JhaW5lLm9yZ1wvd3AtY29udGVudFwvdXBsb2Fkc1wvMjAyNFwvMDlcL2Zwdl8wMy53ZWJwIn0%3D\">\n\t\t\t\t\t\t\t<img loading=\"lazy\" decoding=\"async\" width=\"1920\" height=\"1920\" src=\"https:\/\/defensetechforukraine.org\/wp-content\/uploads\/2024\/09\/fpv_03.webp\" class=\"attachment-full size-full wp-image-882\" alt=\"\" srcset=\"https:\/\/defensetechforukraine.org\/wp-content\/uploads\/2024\/09\/fpv_03.webp 1920w, https:\/\/defensetechforukraine.org\/wp-content\/uploads\/2024\/09\/fpv_03-300x300.webp 300w, https:\/\/defensetechforukraine.org\/wp-content\/uploads\/2024\/09\/fpv_03-1024x1024.webp 1024w, https:\/\/defensetechforukraine.org\/wp-content\/uploads\/2024\/09\/fpv_03-150x150.webp 150w, https:\/\/defensetechforukraine.org\/wp-content\/uploads\/2024\/09\/fpv_03-768x768.webp 768w, https:\/\/defensetechforukraine.org\/wp-content\/uploads\/2024\/09\/fpv_03-1536x1536.webp 1536w\" sizes=\"(max-width: 1920px) 100vw, 1920px\" \/>\t\t\t\t\t\t\t\t<\/a>\n\t\t\t\t\t\t\t\t\t\t\t\t\t\t\t<\/div>\n\t\t\t\t<\/div>\n\t\t\t\t<\/div>\n\t\t\t\t<div class=\"elementor-element elementor-element-ce8a35a elementor-widget elementor-widget-text-editor\" data-id=\"ce8a35a\" data-element_type=\"widget\" data-e-type=\"widget\" data-widget_type=\"text-editor.default\">\n\t\t\t\t<div class=\"elementor-widget-container\">\n\t\t\t\t\t\t\t\t\t<p>Dronele militare pot fi \u00eemp\u0103r\u021bite \u00een dou\u0103 tipuri: Drone mari \u0219i scumpe, furnizate de obicei de guverne \u0219i armate. Aceast\u0103 categorie include toate dronele cu aripi fixe \u0219i pe cele cu sisteme de lansare a armelor \u00eencorporate.<\/p><p>Costul tipic al unei singure drone FPV este de $300-600. P\u00e2n\u0103 la $600 pentru cele mai bune drone de curs\u0103 lung\u0103. Semnalul video este analogic, spre deosebire de digitalul obi\u0219nuit. Dronele FPV cu semnal video digital pot costa pu\u021bin mai mult. Ucraina are nevoie de peste 100.000 pe lun\u0103.<\/p>\t\t\t\t\t\t\t\t<\/div>\n\t\t\t\t<\/div>\n\t\t\t\t<\/div>\n\t\t\t\t\t<\/div>\n\t\t\t\t<\/div>\n\t\t\t\t<\/div>","protected":false},"excerpt":{"rendered":"<p>FPV Drone About ISR | Recon Drones for the Victory Work with our network to ramp up supplies of the main types of battlefield-ready drones https:\/\/defensetechforukraine.org\/wp-content\/uploads\/2024\/09\/fpv_01-1.mp4 Military drones can be separated into two types:\u00a0 Large, expensive drones typically provided by governments and militaries. This category includes all fixed-wing drones and those with built-in weapons-delivery systems. [&hellip;]<\/p>\n","protected":false},"author":4,"featured_media":0,"parent":0,"menu_order":0,"comment_status":"closed","ping_status":"closed","template":"","meta":{"_acf_changed":false,"footnotes":""},"class_list":["post-521","page","type-page","status-publish","hentry"],"acf":[],"_links":{"self":[{"href":"https:\/\/defensetechforukraine.org\/ro\/wp-json\/wp\/v2\/pages\/521","targetHints":{"allow":["GET"]}}],"collection":[{"href":"https:\/\/defensetechforukraine.org\/ro\/wp-json\/wp\/v2\/pages"}],"about":[{"href":"https:\/\/defensetechforukraine.org\/ro\/wp-json\/wp\/v2\/types\/page"}],"author":[{"embeddable":true,"href":"https:\/\/defensetechforukraine.org\/ro\/wp-json\/wp\/v2\/users\/4"}],"replies":[{"embeddable":true,"href":"https:\/\/defensetechforukraine.org\/ro\/wp-json\/wp\/v2\/comments?post=521"}],"version-history":[{"count":0,"href":"https:\/\/defensetechforukraine.org\/ro\/wp-json\/wp\/v2\/pages\/521\/revisions"}],"wp:attachment":[{"href":"https:\/\/defensetechforukraine.org\/ro\/wp-json\/wp\/v2\/media?parent=521"}],"curies":[{"name":"wp","href":"https:\/\/api.w.org\/{rel}","templated":true}]}}