{"id":2491,"date":"2025-07-16T20:32:21","date_gmt":"2025-07-16T20:32:21","guid":{"rendered":"https:\/\/defensetechforukraine.org\/?page_id=2491"},"modified":"2025-12-03T12:57:34","modified_gmt":"2025-12-03T12:57:34","slug":"blog","status":"publish","type":"page","link":"https:\/\/defensetechforukraine.org\/ro\/blog\/","title":{"rendered":"Blog"},"content":{"rendered":"<div data-elementor-type=\"wp-page\" data-elementor-id=\"2491\" class=\"elementor elementor-2491\" data-elementor-post-type=\"page\">\n\t\t\t\t<div class=\"elementor-element elementor-element-f3b2f05 e-con-full e-flex e-con e-parent\" data-id=\"f3b2f05\" data-element_type=\"container\" data-e-type=\"container\" data-settings=\"{&quot;background_background&quot;:&quot;classic&quot;}\">\n\t\t<div class=\"elementor-element elementor-element-b968598 e-con-full e-flex e-con e-child\" data-id=\"b968598\" data-element_type=\"container\" data-e-type=\"container\" data-settings=\"{&quot;background_background&quot;:&quot;classic&quot;}\">\n\t\t\t\t<div class=\"elementor-element elementor-element-69fcdcf elementor-widget__width-auto elementor-widget elementor-widget-shortcode\" data-id=\"69fcdcf\" data-element_type=\"widget\" data-e-type=\"widget\" data-widget_type=\"shortcode.default\">\n\t\t\t\t<div class=\"elementor-widget-container\">\n\t\t\t\t\t\t\t<div class=\"elementor-shortcode\">\t\t\t<!-- Flexy Breadcrumb -->\r\n\t\t\t<div class=\"fbc fbc-page\">\r\n\r\n\t\t\t\t<!-- Breadcrumb wrapper -->\r\n\t\t\t\t<div class=\"fbc-wrap\">\r\n\r\n\t\t\t\t\t<!-- Ordered list-->\r\n\t\t\t\t\t<ol class=\"fbc-items\" itemscope itemtype=\"https:\/\/schema.org\/BreadcrumbList\">\r\n\t\t\t\t\t\t            <li itemprop=\"itemListElement\" itemscope itemtype=\"https:\/\/schema.org\/ListItem\">\r\n                <span itemprop=\"name\">\r\n                    <!-- Home Link -->\r\n                    <a itemprop=\"item\" href=\"https:\/\/defensetechforukraine.org\/ro\/\">\r\n                    \r\n                                                    <i class=\"fa fa-home\" aria-hidden=\"true\"><\/i>Acas\u0103                    <\/a>\r\n                <\/span>\r\n                <meta itemprop=\"position\" content=\"1\" \/><!-- Meta Position-->\r\n             <\/li><li><span class=\"fbc-separator\">\/<\/span><\/li><li class=\"active\" itemprop=\"itemListElement\" itemscope itemtype=\"https:\/\/schema.org\/ListItem\"><span itemprop=\"name\" title=\"Blog\">Blog<\/span><meta itemprop=\"position\" content=\"2\" \/><\/li>\t\t\t\t\t<\/ol>\r\n\t\t\t\t\t<div class=\"clearfix\"><\/div>\r\n\t\t\t\t<\/div>\r\n\t\t\t<\/div>\r\n\t\t\t<\/div>\n\t\t\t\t\t\t<\/div>\n\t\t\t\t<\/div>\n\t\t\t\t<div class=\"elementor-element elementor-element-19ffc99 elementor-widget__width-auto elementor-widget elementor-widget-heading\" data-id=\"19ffc99\" data-element_type=\"widget\" data-e-type=\"widget\" data-widget_type=\"heading.default\">\n\t\t\t\t<div class=\"elementor-widget-container\">\n\t\t\t\t\t<h1 class=\"elementor-heading-title elementor-size-default\">Blog<\/h1>\t\t\t\t<\/div>\n\t\t\t\t<\/div>\n\t\t\t\t<\/div>\n\t\t\t\t<\/div>\n\t\t<div class=\"elementor-element elementor-element-ae09c90 e-flex e-con-boxed e-con e-parent\" data-id=\"ae09c90\" data-element_type=\"container\" data-e-type=\"container\" data-settings=\"{&quot;background_background&quot;:&quot;classic&quot;}\">\n\t\t\t\t\t<div class=\"e-con-inner\">\n\t\t<div class=\"elementor-element elementor-element-3f3fe07 e-con-full e-flex e-con e-child\" data-id=\"3f3fe07\" data-element_type=\"container\" data-e-type=\"container\">\n\t\t\t\t<div class=\"elementor-element elementor-element-eaba2cf elementor-widget elementor-widget-heading\" data-id=\"eaba2cf\" data-element_type=\"widget\" data-e-type=\"widget\" data-widget_type=\"heading.default\">\n\t\t\t\t<div class=\"elementor-widget-container\">\n\t\t\t\t\t<h2 class=\"elementor-heading-title elementor-size-default\">Ultimele post\u0103ri<\/h2>\t\t\t\t<\/div>\n\t\t\t\t<\/div>\n\t\t\t\t<\/div>\n\t\t\t\t\t<\/div>\n\t\t\t\t<\/div>\n\t\t<div class=\"elementor-element elementor-element-e92128d e-flex e-con-boxed e-con e-parent\" data-id=\"e92128d\" data-element_type=\"container\" data-e-type=\"container\">\n\t\t\t\t\t<div class=\"e-con-inner\">\n\t\t\t\t<div class=\"elementor-element elementor-element-1925df2 premium-blog-align-left elementor-widget elementor-widget-premium-addon-blog\" data-id=\"1925df2\" data-element_type=\"widget\" data-e-type=\"widget\" data-settings=\"{&quot;premium_blog_columns_number&quot;:&quot;33.33%&quot;,&quot;premium_blog_grid&quot;:&quot;yes&quot;,&quot;premium_blog_layout&quot;:&quot;even&quot;,&quot;premium_blog_columns_number_tablet&quot;:&quot;50%&quot;,&quot;premium_blog_columns_number_mobile&quot;:&quot;100%&quot;,&quot;scroll_to_offset&quot;:&quot;yes&quot;}\" data-widget_type=\"premium-addon-blog.default\">\n\t\t\t\t<div class=\"elementor-widget-container\">\n\t\t\t\t\t\n\t\t\n\n\t\t\t\t<div class=\"premium-blog-wrap  premium-blog-even\" data-page=\"2491\" data-pagination=\"true\">\n\t\t\t\t\t\t\t\t\t<div class=\"premium-blog-post-outer-container\" data-total=\"4\">\n\t\t\t<div class=\"premium-blog-post-container premium-blog-skin-cards\">\n\t\t\t\t\t\t\t\t\t<div class=\"premium-blog-thumb-effect-wrapper\">\n\t\t\t\t\t\t<div class=\"premium-blog-thumbnail-container premium-blog-zoomin-effect\">\n\t\t\t\t\t\t\t\t\t\t\t<a href=\"https:\/\/defensetechforukraine.org\/ro\/product-development\/tracking-tags-for-drone-warfare\/\" target=\"_self\">\n\t\t\t\t<img fetchpriority=\"high\" decoding=\"async\" width=\"512\" height=\"279\" src=\"https:\/\/defensetechforukraine.org\/wp-content\/uploads\/2026\/05\/tracking_tags_for-drone_-warfare.webp\" class=\"attachment-full size-full wp-image-5916\" alt=\"\" srcset=\"https:\/\/defensetechforukraine.org\/wp-content\/uploads\/2026\/05\/tracking_tags_for-drone_-warfare.webp 512w, https:\/\/defensetechforukraine.org\/wp-content\/uploads\/2026\/05\/tracking_tags_for-drone_-warfare-300x163.webp 300w, https:\/\/defensetechforukraine.org\/wp-content\/uploads\/2026\/05\/tracking_tags_for-drone_-warfare-18x10.webp 18w\" sizes=\"(max-width: 512px) 100vw, 512px\" \/>\t\t\t\t<\/a>\n\t\t\t\t\t\t\t\t\t\t<\/div>\n\t\t\t\t\t\t\t\t\t\t\t\t\t<div class=\"premium-blog-effect-container premium-blog-framed-effect\">\n\t\t\t\t\t\t\t\t<a class=\"premium-blog-post-link\" href=\"https:\/\/defensetechforukraine.org\/ro\/product-development\/tracking-tags-for-drone-warfare\/\" target=\"_self\"><span>Urm\u0103rirea etichetelor pentru r\u0103zboiul cu drone<\/span><\/a>\n\t\t\t\t\t\t\t\t\t\t\t\t\t\t\t<\/div>\n\t\t\t\t\t\t\t\t\t\t\t<\/div>\n\t\t\t\t\t\t\t\t\t\t\t\t\t\t\t\t\t\t\t\t\t<div class=\"premium-blog-content-wrapper\">\n\n\t\t\t\t\t<div class=\"premium-blog-inner-container\">\n\n\t\t\t\t\t\t\t\t\t\t\t\t\t\t<div class=\"premium-blog-entry-title\">\n\t\t\t<a href=\"https:\/\/defensetechforukraine.org\/ro\/product-development\/tracking-tags-for-drone-warfare\/\" target=\"_self\">\n\t\t\t\tUrm\u0103rirea etichetelor pentru r\u0103zboiul cu drone\t\t\t<\/a>\n\t\t<\/div>\n\t\t\n\t\t\t\t\t<\/div>\n\n\t\t\t\t\t\t\t<div class=\"premium-blog-content-inner-wrapper\">\n\t\t<p class=\"premium-blog-post-content\">Cum s\u0103 desemnezi \u021binte \u0219i s\u0103 \u00eembun\u0103t\u0103\u021be\u0219ti formarea May 09, 2026By Simon Samodurov ...<\/p>\t\t<\/div>\n\t\t\t\t<div class=\"premium-blog-entry-meta\">\n\t\t\t\n\t\t\t\t\t\t\t<span class=\"premium-blog-meta-separator\">\u2022<\/span>\n\t\t\t\t<div class=\"premium-blog-post-time premium-blog-meta-data\">\n\t\t\t\t\t<i class=\"fa fa-calendar-alt\" aria-hidden=\"true\"><\/i>\n\t\t\t\t\t<span>mai 8, 2026 6:51 am<\/span>\n\t\t\t\t<\/div>\n\t\t\t\n\t\t\t\n\t\t\t\t\t<\/div>\n\t\t\t\t\t\t\t\n\t\t\t\t<\/div>\n\t\t\t<\/div>\n\t\t<\/div>\n\n\t\t\t\t<div class=\"premium-blog-post-outer-container\" data-total=\"4\">\n\t\t\t<div class=\"premium-blog-post-container premium-blog-skin-cards\">\n\t\t\t\t\t\t\t\t\t<div class=\"premium-blog-thumb-effect-wrapper\">\n\t\t\t\t\t\t<div class=\"premium-blog-thumbnail-container premium-blog-zoomin-effect\">\n\t\t\t\t\t\t\t\t\t\t\t<a href=\"https:\/\/defensetechforukraine.org\/ro\/product-development\/2026-defense-events-calendars\/\" target=\"_self\">\n\t\t\t\t<img decoding=\"async\" width=\"512\" height=\"341\" src=\"https:\/\/defensetechforukraine.org\/wp-content\/uploads\/2025\/12\/european_image_01.webp\" class=\"attachment-full size-full wp-image-3936\" alt=\"\" srcset=\"https:\/\/defensetechforukraine.org\/wp-content\/uploads\/2025\/12\/european_image_01.webp 512w, https:\/\/defensetechforukraine.org\/wp-content\/uploads\/2025\/12\/european_image_01-300x200.webp 300w, https:\/\/defensetechforukraine.org\/wp-content\/uploads\/2025\/12\/european_image_01-18x12.webp 18w\" sizes=\"(max-width: 512px) 100vw, 512px\" \/>\t\t\t\t<\/a>\n\t\t\t\t\t\t\t\t\t\t<\/div>\n\t\t\t\t\t\t\t\t\t\t\t\t\t<div class=\"premium-blog-effect-container premium-blog-framed-effect\">\n\t\t\t\t\t\t\t\t<a class=\"premium-blog-post-link\" href=\"https:\/\/defensetechforukraine.org\/ro\/product-development\/2026-defense-events-calendars\/\" target=\"_self\"><span>2026 Evenimente \u0219i calendare europene \u00een domeniul ap\u0103r\u0103rii<\/span><\/a>\n\t\t\t\t\t\t\t\t\t\t\t\t\t\t\t<\/div>\n\t\t\t\t\t\t\t\t\t\t\t<\/div>\n\t\t\t\t\t\t\t\t\t\t\t\t\t\t\t\t\t\t\t\t\t<div class=\"premium-blog-content-wrapper\">\n\n\t\t\t\t\t<div class=\"premium-blog-inner-container\">\n\n\t\t\t\t\t\t\t\t\t\t\t\t\t\t<div class=\"premium-blog-entry-title\">\n\t\t\t<a href=\"https:\/\/defensetechforukraine.org\/ro\/product-development\/2026-defense-events-calendars\/\" target=\"_self\">\n\t\t\t\t2026 Evenimente \u0219i calendare europene \u00een domeniul ap\u0103r\u0103rii\t\t\t<\/a>\n\t\t<\/div>\n\t\t\n\t\t\t\t\t<\/div>\n\n\t\t\t\t\t\t\t<div class=\"premium-blog-content-inner-wrapper\">\n\t\t<p class=\"premium-blog-post-content\">2026 Conferin\u021be \u0219i evenimente europene \u00een domeniul ap\u0103r\u0103rii: Modalit\u0103\u021bi esen\u021biale de consolidare a ...<\/p>\t\t<\/div>\n\t\t\t\t<div class=\"premium-blog-entry-meta\">\n\t\t\t\n\t\t\t\t\t\t\t<span class=\"premium-blog-meta-separator\">\u2022<\/span>\n\t\t\t\t<div class=\"premium-blog-post-time premium-blog-meta-data\">\n\t\t\t\t\t<i class=\"fa fa-calendar-alt\" aria-hidden=\"true\"><\/i>\n\t\t\t\t\t<span>decembrie 3, 2025 2:25 am<\/span>\n\t\t\t\t<\/div>\n\t\t\t\n\t\t\t\n\t\t\t\t\t<\/div>\n\t\t\t\t\t\t\t\n\t\t\t\t<\/div>\n\t\t\t<\/div>\n\t\t<\/div>\n\n\t\t\t\t<div class=\"premium-blog-post-outer-container\" data-total=\"4\">\n\t\t\t<div class=\"premium-blog-post-container premium-blog-skin-cards\">\n\t\t\t\t\t\t\t\t\t<div class=\"premium-blog-thumb-effect-wrapper\">\n\t\t\t\t\t\t<div class=\"premium-blog-thumbnail-container premium-blog-zoomin-effect\">\n\t\t\t\t\t\t\t\t\t\t\t<a href=\"https:\/\/defensetechforukraine.org\/ro\/product-development\/innovation-and-ukrainian-defense-manufacturers\/\" target=\"_self\">\n\t\t\t\t<img decoding=\"async\" width=\"1280\" height=\"720\" src=\"https:\/\/defensetechforukraine.org\/wp-content\/uploads\/2025\/11\/image.jpeg\" class=\"attachment-full size-full wp-image-3544\" alt=\"\" srcset=\"https:\/\/defensetechforukraine.org\/wp-content\/uploads\/2025\/11\/image.jpeg 1280w, https:\/\/defensetechforukraine.org\/wp-content\/uploads\/2025\/11\/image-300x169.jpeg 300w, https:\/\/defensetechforukraine.org\/wp-content\/uploads\/2025\/11\/image-1024x576.jpeg 1024w, https:\/\/defensetechforukraine.org\/wp-content\/uploads\/2025\/11\/image-768x432.jpeg 768w, https:\/\/defensetechforukraine.org\/wp-content\/uploads\/2025\/11\/image-18x10.jpeg 18w\" sizes=\"(max-width: 1280px) 100vw, 1280px\" \/>\t\t\t\t<\/a>\n\t\t\t\t\t\t\t\t\t\t<\/div>\n\t\t\t\t\t\t\t\t\t\t\t\t\t<div class=\"premium-blog-effect-container premium-blog-framed-effect\">\n\t\t\t\t\t\t\t\t<a class=\"premium-blog-post-link\" href=\"https:\/\/defensetechforukraine.org\/ro\/product-development\/innovation-and-ukrainian-defense-manufacturers\/\" target=\"_self\"><span>Inova\u021bie \u0219i produc\u0103tori ucraineni de ap\u0103rare<\/span><\/a>\n\t\t\t\t\t\t\t\t\t\t\t\t\t\t\t<\/div>\n\t\t\t\t\t\t\t\t\t\t\t<\/div>\n\t\t\t\t\t\t\t\t\t\t\t\t\t\t\t\t\t\t\t\t\t<div class=\"premium-blog-content-wrapper\">\n\n\t\t\t\t\t<div class=\"premium-blog-inner-container\">\n\n\t\t\t\t\t\t\t\t\t\t\t\t\t\t<div class=\"premium-blog-entry-title\">\n\t\t\t<a href=\"https:\/\/defensetechforukraine.org\/ro\/product-development\/innovation-and-ukrainian-defense-manufacturers\/\" target=\"_self\">\n\t\t\t\tInova\u021bie \u0219i produc\u0103tori ucraineni de ap\u0103rare\t\t\t<\/a>\n\t\t<\/div>\n\t\t\n\t\t\t\t\t<\/div>\n\n\t\t\t\t\t\t\t<div class=\"premium-blog-content-inner-wrapper\">\n\t\t<p class=\"premium-blog-post-content\">Inovarea \u0219i produc\u0103torii ucraineni din domeniul ap\u0103r\u0103rii Noiembrie 05, 2025By Roy Gardiner ...<\/p>\t\t<\/div>\n\t\t\t\t<div class=\"premium-blog-entry-meta\">\n\t\t\t\n\t\t\t\t\t\t\t<span class=\"premium-blog-meta-separator\">\u2022<\/span>\n\t\t\t\t<div class=\"premium-blog-post-time premium-blog-meta-data\">\n\t\t\t\t\t<i class=\"fa fa-calendar-alt\" aria-hidden=\"true\"><\/i>\n\t\t\t\t\t<span>noiembrie 5, 2025 11:37 am<\/span>\n\t\t\t\t<\/div>\n\t\t\t\n\t\t\t\n\t\t\t\t\t<\/div>\n\t\t\t\t\t\t\t\n\t\t\t\t<\/div>\n\t\t\t<\/div>\n\t\t<\/div>\n\n\t\t\t\t<div class=\"premium-blog-post-outer-container\" data-total=\"4\">\n\t\t\t<div class=\"premium-blog-post-container premium-blog-skin-cards\">\n\t\t\t\t\t\t\t\t\t<div class=\"premium-blog-thumb-effect-wrapper\">\n\t\t\t\t\t\t<div class=\"premium-blog-thumbnail-container premium-blog-zoomin-effect\">\n\t\t\t\t\t\t\t\t\t\t\t<a href=\"https:\/\/defensetechforukraine.org\/ro\/delegation\/the-west-must-finance-freedom\/\" target=\"_self\">\n\t\t\t\t<img loading=\"lazy\" decoding=\"async\" width=\"1080\" height=\"810\" src=\"https:\/\/defensetechforukraine.org\/wp-content\/uploads\/2025\/10\/image.png\" class=\"attachment-full size-full wp-image-3192\" alt=\"\" srcset=\"https:\/\/defensetechforukraine.org\/wp-content\/uploads\/2025\/10\/image.png 1080w, https:\/\/defensetechforukraine.org\/wp-content\/uploads\/2025\/10\/image-300x225.png 300w, https:\/\/defensetechforukraine.org\/wp-content\/uploads\/2025\/10\/image-1024x768.png 1024w, https:\/\/defensetechforukraine.org\/wp-content\/uploads\/2025\/10\/image-768x576.png 768w, https:\/\/defensetechforukraine.org\/wp-content\/uploads\/2025\/10\/image-16x12.png 16w\" sizes=\"(max-width: 1080px) 100vw, 1080px\" \/>\t\t\t\t<\/a>\n\t\t\t\t\t\t\t\t\t\t<\/div>\n\t\t\t\t\t\t\t\t\t\t\t\t\t<div class=\"premium-blog-effect-container premium-blog-framed-effect\">\n\t\t\t\t\t\t\t\t<a class=\"premium-blog-post-link\" href=\"https:\/\/defensetechforukraine.org\/ro\/delegation\/the-west-must-finance-freedom\/\" target=\"_self\"><span>Occidentul trebuie s\u0103 finan\u021beze libertatea<\/span><\/a>\n\t\t\t\t\t\t\t\t\t\t\t\t\t\t\t<\/div>\n\t\t\t\t\t\t\t\t\t\t\t<\/div>\n\t\t\t\t\t\t\t\t\t\t\t\t\t\t\t\t\t\t\t\t\t<div class=\"premium-blog-content-wrapper\">\n\n\t\t\t\t\t<div class=\"premium-blog-inner-container\">\n\n\t\t\t\t\t\t\t\t\t\t\t\t\t\t<div class=\"premium-blog-entry-title\">\n\t\t\t<a href=\"https:\/\/defensetechforukraine.org\/ro\/delegation\/the-west-must-finance-freedom\/\" target=\"_self\">\n\t\t\t\tOccidentul trebuie s\u0103 finan\u021beze libertatea\t\t\t<\/a>\n\t\t<\/div>\n\t\t\n\t\t\t\t\t<\/div>\n\n\t\t\t\t\t\t\t<div class=\"premium-blog-content-inner-wrapper\">\n\t\t<p class=\"premium-blog-post-content\">DEFENSE TECH FOR UKRAINE 2025 RAPORT DE DELEGA\u021aIE 28 septembrie 2025 Defense Tech ...<\/p>\t\t<\/div>\n\t\t\t\t<div class=\"premium-blog-entry-meta\">\n\t\t\t\n\t\t\t\t\t\t\t<span class=\"premium-blog-meta-separator\">\u2022<\/span>\n\t\t\t\t<div class=\"premium-blog-post-time premium-blog-meta-data\">\n\t\t\t\t\t<i class=\"fa fa-calendar-alt\" aria-hidden=\"true\"><\/i>\n\t\t\t\t\t<span>octombrie 14, 2025 1:41 pm<\/span>\n\t\t\t\t<\/div>\n\t\t\t\n\t\t\t\n\t\t\t\t\t<\/div>\n\t\t\t\t\t\t\t\n\t\t\t\t<\/div>\n\t\t\t<\/div>\n\t\t<\/div>\n\n\t\t\t\t<div class=\"premium-blog-post-outer-container\" data-total=\"4\">\n\t\t\t<div class=\"premium-blog-post-container premium-blog-skin-cards\">\n\t\t\t\t\t\t\t\t\t<div class=\"premium-blog-thumb-effect-wrapper\">\n\t\t\t\t\t\t<div class=\"premium-blog-thumbnail-container premium-blog-zoomin-effect\">\n\t\t\t\t\t\t\t\t\t\t\t<a href=\"https:\/\/defensetechforukraine.org\/ro\/product-development\/plastic-injection-molding-makers-must-take-back-industrial-power\/\" target=\"_self\">\n\t\t\t\t<img loading=\"lazy\" decoding=\"async\" width=\"675\" height=\"415\" src=\"https:\/\/defensetechforukraine.org\/wp-content\/uploads\/2025\/10\/injectionmolding7.png\" class=\"attachment-full size-full wp-image-3310\" alt=\"\" srcset=\"https:\/\/defensetechforukraine.org\/wp-content\/uploads\/2025\/10\/injectionmolding7.png 675w, https:\/\/defensetechforukraine.org\/wp-content\/uploads\/2025\/10\/injectionmolding7-300x184.png 300w, https:\/\/defensetechforukraine.org\/wp-content\/uploads\/2025\/10\/injectionmolding7-18x12.png 18w\" sizes=\"(max-width: 675px) 100vw, 675px\" \/>\t\t\t\t<\/a>\n\t\t\t\t\t\t\t\t\t\t<\/div>\n\t\t\t\t\t\t\t\t\t\t\t\t\t<div class=\"premium-blog-effect-container premium-blog-framed-effect\">\n\t\t\t\t\t\t\t\t<a class=\"premium-blog-post-link\" href=\"https:\/\/defensetechforukraine.org\/ro\/product-development\/plastic-injection-molding-makers-must-take-back-industrial-power\/\" target=\"_self\"><span>Turnarea prin injec\u021bie a plasticului: Produc\u0103torii trebuie s\u0103 recupereze puterea industrial\u0103<\/span><\/a>\n\t\t\t\t\t\t\t\t\t\t\t\t\t\t\t<\/div>\n\t\t\t\t\t\t\t\t\t\t\t<\/div>\n\t\t\t\t\t\t\t\t\t\t\t\t\t\t\t\t\t\t\t\t\t<div class=\"premium-blog-content-wrapper\">\n\n\t\t\t\t\t<div class=\"premium-blog-inner-container\">\n\n\t\t\t\t\t\t\t\t\t\t\t\t\t\t<div class=\"premium-blog-entry-title\">\n\t\t\t<a href=\"https:\/\/defensetechforukraine.org\/ro\/product-development\/plastic-injection-molding-makers-must-take-back-industrial-power\/\" target=\"_self\">\n\t\t\t\tTurnarea prin injec\u021bie a plasticului: Produc\u0103torii trebuie s\u0103 recupereze puterea industrial\u0103\t\t\t<\/a>\n\t\t<\/div>\n\t\t\n\t\t\t\t\t<\/div>\n\n\t\t\t\t\t\t\t<div class=\"premium-blog-content-inner-wrapper\">\n\t\t<p class=\"premium-blog-post-content\">De Laura B\u00e9cogn\u00e9e C\u00e2nd ne g\u00e2ndim la industrie, ne imagin\u0103m adesea gigan\u021bi ...<\/p>\t\t<\/div>\n\t\t\t\t<div class=\"premium-blog-entry-meta\">\n\t\t\t\n\t\t\t\t\t\t\t<span class=\"premium-blog-meta-separator\">\u2022<\/span>\n\t\t\t\t<div class=\"premium-blog-post-time premium-blog-meta-data\">\n\t\t\t\t\t<i class=\"fa fa-calendar-alt\" aria-hidden=\"true\"><\/i>\n\t\t\t\t\t<span>octombrie 9, 2025 5:23 pm<\/span>\n\t\t\t\t<\/div>\n\t\t\t\n\t\t\t\n\t\t\t\t\t<\/div>\n\t\t\t\t\t\t\t\n\t\t\t\t<\/div>\n\t\t\t<\/div>\n\t\t<\/div>\n\n\t\t\t\t<div class=\"premium-blog-post-outer-container\" data-total=\"4\">\n\t\t\t<div class=\"premium-blog-post-container premium-blog-skin-cards\">\n\t\t\t\t\t\t\t\t\t<div class=\"premium-blog-thumb-effect-wrapper\">\n\t\t\t\t\t\t<div class=\"premium-blog-thumbnail-container premium-blog-zoomin-effect\">\n\t\t\t\t\t\t\t\t\t\t\t<a href=\"https:\/\/defensetechforukraine.org\/ro\/product-development\/anti-fiber-drone-technologies-hackathon-innovating-the-next-line-of-defense-in-lviv\/\" target=\"_self\">\n\t\t\t\t<img loading=\"lazy\" decoding=\"async\" width=\"1536\" height=\"1024\" src=\"https:\/\/defensetechforukraine.org\/wp-content\/uploads\/2025\/10\/hackathon.png\" class=\"attachment-full size-full wp-image-3294\" alt=\"Drone on dark background with laser style light pointing to the front. Indicative of new technologies for anti-fiber drone tech. Provided by Kaizen Labs a partner of Defense Tech for Ukraine\" srcset=\"https:\/\/defensetechforukraine.org\/wp-content\/uploads\/2025\/10\/hackathon.png 1536w, https:\/\/defensetechforukraine.org\/wp-content\/uploads\/2025\/10\/hackathon-300x200.png 300w, https:\/\/defensetechforukraine.org\/wp-content\/uploads\/2025\/10\/hackathon-1024x683.png 1024w, https:\/\/defensetechforukraine.org\/wp-content\/uploads\/2025\/10\/hackathon-768x512.png 768w, https:\/\/defensetechforukraine.org\/wp-content\/uploads\/2025\/10\/hackathon-18x12.png 18w\" sizes=\"(max-width: 1536px) 100vw, 1536px\" \/>\t\t\t\t<\/a>\n\t\t\t\t\t\t\t\t\t\t<\/div>\n\t\t\t\t\t\t\t\t\t\t\t\t\t<div class=\"premium-blog-effect-container premium-blog-framed-effect\">\n\t\t\t\t\t\t\t\t<a class=\"premium-blog-post-link\" href=\"https:\/\/defensetechforukraine.org\/ro\/product-development\/anti-fiber-drone-technologies-hackathon-innovating-the-next-line-of-defense-in-lviv\/\" target=\"_self\"><span>Hackathonul tehnologiilor anti-drone cu fibr\u0103 optic\u0103: Inovarea urm\u0103toarei linii de ap\u0103rare \u00een Lviv<\/span><\/a>\n\t\t\t\t\t\t\t\t\t\t\t\t\t\t\t<\/div>\n\t\t\t\t\t\t\t\t\t\t\t<\/div>\n\t\t\t\t\t\t\t\t\t\t\t\t\t\t\t\t\t\t\t\t\t<div class=\"premium-blog-content-wrapper\">\n\n\t\t\t\t\t<div class=\"premium-blog-inner-container\">\n\n\t\t\t\t\t\t\t\t\t\t\t\t\t\t<div class=\"premium-blog-entry-title\">\n\t\t\t<a href=\"https:\/\/defensetechforukraine.org\/ro\/product-development\/anti-fiber-drone-technologies-hackathon-innovating-the-next-line-of-defense-in-lviv\/\" target=\"_self\">\n\t\t\t\tHackathonul tehnologiilor anti-drone cu fibr\u0103 optic\u0103: Inovarea urm\u0103toarei linii de ap\u0103rare \u00een Lviv\t\t\t<\/a>\n\t\t<\/div>\n\t\t\n\t\t\t\t\t<\/div>\n\n\t\t\t\t\t\t\t<div class=\"premium-blog-content-inner-wrapper\">\n\t\t<p class=\"premium-blog-post-content\">Frontul tehnologic al Ucrainei se preg\u0103te\u0219te pentru un nou val de ...<\/p>\t\t<\/div>\n\t\t\t\t<div class=\"premium-blog-entry-meta\">\n\t\t\t\n\t\t\t\t\t\t\t<span class=\"premium-blog-meta-separator\">\u2022<\/span>\n\t\t\t\t<div class=\"premium-blog-post-time premium-blog-meta-data\">\n\t\t\t\t\t<i class=\"fa fa-calendar-alt\" aria-hidden=\"true\"><\/i>\n\t\t\t\t\t<span>octombrie 9, 2025 4:26 pm<\/span>\n\t\t\t\t<\/div>\n\t\t\t\n\t\t\t\n\t\t\t\t\t<\/div>\n\t\t\t\t\t\t\t\n\t\t\t\t<\/div>\n\t\t\t<\/div>\n\t\t<\/div>\n\n\t\t\t\t\t\t\t<\/div>\n\n\t\t\t\t\t<div class=\"premium-blog-footer\">\n\t\t\t\t\t\t\t<nav class=\"premium-blog-pagination-container\" role=\"navigation\" aria-label=\"Paginare\">\n\t\t\t\t<span aria-current=\"page\" class=\"page-numbers current\">1<\/span>\n<a class=\"page-numbers\" href=\"https:\/\/defensetechforukraine.org\/ro\/wp-json\/wp\/v2\/pages\/2491\/page\/2\/\">2<\/a>\n<a class=\"page-numbers\" href=\"https:\/\/defensetechforukraine.org\/ro\/wp-json\/wp\/v2\/pages\/2491\/page\/3\/\">3<\/a>\n<a class=\"page-numbers\" href=\"https:\/\/defensetechforukraine.org\/ro\/wp-json\/wp\/v2\/pages\/2491\/page\/4\/\">4<\/a>\n<a class=\"next page-numbers\" href=\"https:\/\/defensetechforukraine.org\/ro\/wp-json\/wp\/v2\/pages\/2491\/page\/2\/\">Urm\u0103torul &quot;<\/a>\t\t\t<\/nav>\n\t\t\t\t\t\t<\/div>\n\t\t\n\t\t\n\t\t\t\t\t\t<\/div>\n\t\t\t\t<\/div>\n\t\t\t\t\t<\/div>\n\t\t\t\t<\/div>\n\t\t\t\t<\/div>","protected":false},"excerpt":{"rendered":"<p>Blog Latest Posts 2026 European Defence Events &amp; Calendars 2026 European Defence Events &amp; Calendars 2026 European Defence Conferences and Events: Key Ways to Strengthen the West \u2026 \u2022 December 3, 2025 Innovation and Ukrainian Defense Manufacturers Innovation and Ukrainian Defense Manufacturers Innovation and Ukrainian Defense Manufacturers November 05, 2025By Roy Gardiner \u00a0 \u00a0 \u2026 [&hellip;]<\/p>\n","protected":false},"author":4,"featured_media":0,"parent":0,"menu_order":0,"comment_status":"closed","ping_status":"closed","template":"","meta":{"_acf_changed":false,"footnotes":""},"class_list":["post-2491","page","type-page","status-publish","hentry"],"acf":[],"_links":{"self":[{"href":"https:\/\/defensetechforukraine.org\/ro\/wp-json\/wp\/v2\/pages\/2491","targetHints":{"allow":["GET"]}}],"collection":[{"href":"https:\/\/defensetechforukraine.org\/ro\/wp-json\/wp\/v2\/pages"}],"about":[{"href":"https:\/\/defensetechforukraine.org\/ro\/wp-json\/wp\/v2\/types\/page"}],"author":[{"embeddable":true,"href":"https:\/\/defensetechforukraine.org\/ro\/wp-json\/wp\/v2\/users\/4"}],"replies":[{"embeddable":true,"href":"https:\/\/defensetechforukraine.org\/ro\/wp-json\/wp\/v2\/comments?post=2491"}],"version-history":[{"count":9,"href":"https:\/\/defensetechforukraine.org\/ro\/wp-json\/wp\/v2\/pages\/2491\/revisions"}],"predecessor-version":[{"id":4006,"href":"https:\/\/defensetechforukraine.org\/ro\/wp-json\/wp\/v2\/pages\/2491\/revisions\/4006"}],"wp:attachment":[{"href":"https:\/\/defensetechforukraine.org\/ro\/wp-json\/wp\/v2\/media?parent=2491"}],"curies":[{"name":"wp","href":"https:\/\/api.w.org\/{rel}","templated":true}]}}