{"id":190,"date":"2024-09-17T17:34:43","date_gmt":"2024-09-17T17:34:43","guid":{"rendered":"https:\/\/defensetechforukraine.org\/?page_id=190"},"modified":"2026-03-28T12:39:18","modified_gmt":"2026-03-28T12:39:18","slug":"drones","status":"publish","type":"page","link":"https:\/\/defensetechforukraine.org\/hu\/drones\/","title":{"rendered":"Dr\u00f3nok"},"content":{"rendered":"<div data-elementor-type=\"wp-page\" data-elementor-id=\"190\" class=\"elementor elementor-190\" data-elementor-post-type=\"page\">\n\t\t\t\t\t\t<section class=\"elementor-section elementor-top-section elementor-element elementor-element-08b07f3 elementor-section-full_width elementor-section-height-default elementor-section-height-default\" data-id=\"08b07f3\" data-element_type=\"section\" data-e-type=\"section\" data-settings=\"{&quot;background_background&quot;:&quot;classic&quot;}\">\n\t\t\t\t\t\t\t<div class=\"elementor-background-overlay\"><\/div>\n\t\t\t\t\t\t\t<div class=\"elementor-container elementor-column-gap-no\">\n\t\t\t\t\t<div class=\"elementor-column elementor-col-100 elementor-top-column elementor-element elementor-element-4e501ff\" data-id=\"4e501ff\" data-element_type=\"column\" data-e-type=\"column\">\n\t\t\t<div class=\"elementor-widget-wrap elementor-element-populated\">\n\t\t\t\t\t\t<div class=\"elementor-element elementor-element-8d12a39 elementor-widget elementor-widget-heading\" data-id=\"8d12a39\" data-element_type=\"widget\" data-e-type=\"widget\" data-widget_type=\"heading.default\">\n\t\t\t\t<div class=\"elementor-widget-container\">\n\t\t\t\t\t<h1 class=\"elementor-heading-title elementor-size-default\">Dr\u00f3nok Ukrajn\u00e1nak <\/h1>\t\t\t\t<\/div>\n\t\t\t\t<\/div>\n\t\t\t\t<div class=\"elementor-element elementor-element-7afbd97 elementor-widget__width-auto bread_01 elementor-widget elementor-widget-shortcode\" data-id=\"7afbd97\" data-element_type=\"widget\" data-e-type=\"widget\" data-widget_type=\"shortcode.default\">\n\t\t\t\t<div class=\"elementor-widget-container\">\n\t\t\t\t\t\t\t<div class=\"elementor-shortcode\">\t\t\t<!-- Flexy Breadcrumb -->\r\n\t\t\t<div class=\"fbc fbc-page\">\r\n\r\n\t\t\t\t<!-- Breadcrumb wrapper -->\r\n\t\t\t\t<div class=\"fbc-wrap\">\r\n\r\n\t\t\t\t\t<!-- Ordered list-->\r\n\t\t\t\t\t<ol class=\"fbc-items\" itemscope itemtype=\"https:\/\/schema.org\/BreadcrumbList\">\r\n\t\t\t\t\t\t            <li itemprop=\"itemListElement\" itemscope itemtype=\"https:\/\/schema.org\/ListItem\">\r\n                <span itemprop=\"name\">\r\n                    <!-- Home Link -->\r\n                    <a itemprop=\"item\" href=\"https:\/\/defensetechforukraine.org\/hu\/\">\r\n                    \r\n                                                    <i class=\"fa fa-home\" aria-hidden=\"true\"><\/i>Otthon                    <\/a>\r\n                <\/span>\r\n                <meta itemprop=\"position\" content=\"1\" \/><!-- Meta Position-->\r\n             <\/li><li><span class=\"fbc-separator\">\/<\/span><\/li><li class=\"active\" itemprop=\"itemListElement\" itemscope itemtype=\"https:\/\/schema.org\/ListItem\"><span itemprop=\"name\" title=\"Dr\u00f3nok\">Dr\u00f3nok<\/span><meta itemprop=\"position\" content=\"2\" \/><\/li>\t\t\t\t\t<\/ol>\r\n\t\t\t\t\t<div class=\"clearfix\"><\/div>\r\n\t\t\t\t<\/div>\r\n\t\t\t<\/div>\r\n\t\t\t<\/div>\n\t\t\t\t\t\t<\/div>\n\t\t\t\t<\/div>\n\t\t\t\t\t<\/div>\n\t\t<\/div>\n\t\t\t\t\t<\/div>\n\t\t<\/section>\n\t\t\t\t<section class=\"elementor-section elementor-top-section elementor-element elementor-element-d00eb95 elementor-section-boxed elementor-section-height-default elementor-section-height-default\" data-id=\"d00eb95\" data-element_type=\"section\" data-e-type=\"section\" data-settings=\"{&quot;background_background&quot;:&quot;classic&quot;}\">\n\t\t\t\t\t\t<div class=\"elementor-container elementor-column-gap-default\">\n\t\t\t\t\t<div class=\"elementor-column elementor-col-100 elementor-top-column elementor-element elementor-element-b3e88e7\" data-id=\"b3e88e7\" data-element_type=\"column\" data-e-type=\"column\">\n\t\t\t<div class=\"elementor-widget-wrap elementor-element-populated\">\n\t\t\t\t\t\t<section class=\"elementor-section elementor-inner-section elementor-element elementor-element-eb61751 elementor-section-boxed elementor-section-height-default elementor-section-height-default\" data-id=\"eb61751\" data-element_type=\"section\" data-e-type=\"section\">\n\t\t\t\t\t\t<div class=\"elementor-container elementor-column-gap-default\">\n\t\t\t\t\t<div class=\"elementor-column elementor-col-50 elementor-inner-column elementor-element elementor-element-fbf3bb4\" data-id=\"fbf3bb4\" data-element_type=\"column\" data-e-type=\"column\">\n\t\t\t<div class=\"elementor-widget-wrap elementor-element-populated\">\n\t\t\t\t\t\t<div class=\"elementor-element elementor-element-b8b0c24 elementor-widget elementor-widget-heading\" data-id=\"b8b0c24\" data-element_type=\"widget\" data-e-type=\"widget\" data-widget_type=\"heading.default\">\n\t\t\t\t<div class=\"elementor-widget-container\">\n\t\t\t\t\t<h2 class=\"elementor-heading-title elementor-size-default\">Dr\u00f3nok a gy\u0151zelem\u00e9rt\n<\/h2>\t\t\t\t<\/div>\n\t\t\t\t<\/div>\n\t\t\t\t<div class=\"elementor-element elementor-element-2db7dde elementor-widget__width-auto elementor-absolute elementor-widget elementor-widget-image\" data-id=\"2db7dde\" data-element_type=\"widget\" data-e-type=\"widget\" data-settings=\"{&quot;_position&quot;:&quot;absolute&quot;}\" data-widget_type=\"image.default\">\n\t\t\t\t<div class=\"elementor-widget-container\">\n\t\t\t\t\t\t\t\t\t\t\t\t\t\t\t<img fetchpriority=\"high\" decoding=\"async\" width=\"335\" height=\"360\" src=\"https:\/\/defensetechforukraine.org\/wp-content\/uploads\/2024\/09\/element-blur-3.png\" class=\"attachment-large size-large wp-image-32\" alt=\"\" srcset=\"https:\/\/defensetechforukraine.org\/wp-content\/uploads\/2024\/09\/element-blur-3.png 335w, https:\/\/defensetechforukraine.org\/wp-content\/uploads\/2024\/09\/element-blur-3-279x300.png 279w\" sizes=\"(max-width: 335px) 100vw, 335px\" \/>\t\t\t\t\t\t\t\t\t\t\t\t\t\t\t<\/div>\n\t\t\t\t<\/div>\n\t\t\t\t\t<\/div>\n\t\t<\/div>\n\t\t\t\t<div class=\"elementor-column elementor-col-50 elementor-inner-column elementor-element elementor-element-cd9e20b\" data-id=\"cd9e20b\" data-element_type=\"column\" data-e-type=\"column\">\n\t\t\t<div class=\"elementor-widget-wrap elementor-element-populated\">\n\t\t\t\t\t\t<div class=\"elementor-element elementor-element-9186f6e elementor-widget elementor-widget-text-editor\" data-id=\"9186f6e\" data-element_type=\"widget\" data-e-type=\"widget\" data-widget_type=\"text-editor.default\">\n\t\t\t\t<div class=\"elementor-widget-container\">\n\t\t\t\t\t\t\t\t\t<p class=\"p1\">M\u0171k\u00f6dj\u00f6n egy\u00fctt h\u00e1l\u00f3zatunkkal a harct\u00e9ri haszn\u00e1latra k\u00e9sz dr\u00f3nok f\u0151bb t\u00edpusainak ell\u00e1t\u00e1s\u00e1nak n\u00f6vel\u00e9se \u00e9rdek\u00e9ben<\/p>\t\t\t\t\t\t\t\t<\/div>\n\t\t\t\t<\/div>\n\t\t\t\t\t<\/div>\n\t\t<\/div>\n\t\t\t\t\t<\/div>\n\t\t<\/section>\n\t\t\t\t<div class=\"elementor-element elementor-element-4427363 elementor-widget elementor-widget-spacer\" data-id=\"4427363\" data-element_type=\"widget\" data-e-type=\"widget\" data-widget_type=\"spacer.default\">\n\t\t\t\t<div class=\"elementor-widget-container\">\n\t\t\t\t\t\t\t<div class=\"elementor-spacer\">\n\t\t\t<div class=\"elementor-spacer-inner\"><\/div>\n\t\t<\/div>\n\t\t\t\t\t\t<\/div>\n\t\t\t\t<\/div>\n\t\t\t\t<section class=\"elementor-section elementor-inner-section elementor-element elementor-element-0ad5bdb elementor-section-boxed elementor-section-height-default elementor-section-height-default elementor-invisible\" data-id=\"0ad5bdb\" data-element_type=\"section\" data-e-type=\"section\" data-settings=\"{&quot;animation&quot;:&quot;fadeInUp&quot;}\">\n\t\t\t\t\t\t<div class=\"elementor-container elementor-column-gap-default\">\n\t\t\t\t\t<div class=\"elementor-column elementor-col-33 elementor-inner-column elementor-element elementor-element-b23f7ff\" data-id=\"b23f7ff\" data-element_type=\"column\" data-e-type=\"column\">\n\t\t\t<div class=\"elementor-widget-wrap elementor-element-populated\">\n\t\t\t\t\t\t<div class=\"elementor-element elementor-element-ce3cf2e elementor-flip-box--effect-fade elementor-widget elementor-widget-flip-box\" data-id=\"ce3cf2e\" data-element_type=\"widget\" data-e-type=\"widget\" data-widget_type=\"flip-box.default\">\n\t\t\t\t<div class=\"elementor-widget-container\">\n\t\t\t\t\t\t\t<div class=\"elementor-flip-box\" tabindex=\"0\">\n\t\t\t<div class=\"elementor-flip-box__layer elementor-flip-box__front\">\n\t\t\t\t<div class=\"elementor-flip-box__layer__overlay\">\n\t\t\t\t\t<div class=\"elementor-flip-box__layer__inner\">\n\t\t\t\t\t\t\n\t\t\t\t\t\t\n\t\t\t\t\t\t\t\t\t\t\t<\/div>\n\t\t\t\t<\/div>\n\t\t\t<\/div>\n\t\t\t<div class=\"elementor-flip-box__layer elementor-flip-box__back\">\n\t\t\t<div class=\"elementor-flip-box__layer__overlay\">\n\t\t\t\t<div class=\"elementor-flip-box__layer__inner\">\n\t\t\t\t\t\t\t\t\t\t\t<h3 class=\"elementor-flip-box__layer__title\">\n\t\t\t\t\t\t\tISR\/felder\u00edt\u0151 dr\u00f3nok\t\t\t\t\t\t<\/h3>\n\t\t\t\t\t\n\t\t\t\t\t\t\t\t\t\t\t<div class=\"elementor-flip-box__layer__description\">\n\t\t\t\t\t\t\tA h\u00edrszerz\u0151, megfigyel\u0151 \u00e9s felder\u00edt\u0151 (ISR) dr\u00f3nok kritikus szerepet j\u00e1tszanak az Oroszorsz\u00e1ggal jelenleg is zajl\u00f3 konfliktusban. Az ukr\u00e1n er\u0151k ezeket a dr\u00f3nokat az ellens\u00e9ges mozg\u00e1sok nyomon k\u00f6vet\u00e9s\u00e9re, a kulcsfontoss\u00e1g\u00fa c\u00e9lpontok azonos\u00edt\u00e1s\u00e1ra \u00e9s a pontos t\u00fcz\u00e9rs\u00e9gi csap\u00e1sok koordin\u00e1l\u00e1s\u00e1ra haszn\u00e1lj\u00e1k a katon\u00e1k \u00e9let\u00e9nek kock\u00e1ztat\u00e1sa n\u00e9lk\u00fcl. A dr\u00f3nok kulcsfontoss\u00e1g\u00fa helyzetfelismer\u00e9st biztos\u00edtanak a harci \u00f6vezetekben, jelent\u0151s el\u0151nyt k\u00edn\u00e1lva egy olyan k\u00f6rnyezetben, ahol a hagyom\u00e1nyos felder\u00edt\u00e9s vesz\u00e9lyes lehet. Az ISR dr\u00f3nok sz\u00e9les k\u00f6r\u0171 haszn\u00e1lata \u00e1talak\u00edtotta Ukrajna katonai strat\u00e9gi\u00e1j\u00e1t.\t\t\t\t\t\t<\/div>\n\t\t\t\t\t\n\t\t\t\t\t\t\t\t<\/div>\n\t\t<\/div>\n\t\t<\/div>\n\t\t<\/div>\n\t\t\t\t\t\t<\/div>\n\t\t\t\t<\/div>\n\t\t\t\t\t<\/div>\n\t\t<\/div>\n\t\t\t\t<div class=\"elementor-column elementor-col-33 elementor-inner-column elementor-element elementor-element-8d81f93\" data-id=\"8d81f93\" data-element_type=\"column\" data-e-type=\"column\">\n\t\t\t<div class=\"elementor-widget-wrap elementor-element-populated\">\n\t\t\t\t\t\t<div class=\"elementor-element elementor-element-eb61f1c elementor-flip-box--effect-fade elementor-widget elementor-widget-flip-box\" data-id=\"eb61f1c\" data-element_type=\"widget\" data-e-type=\"widget\" data-widget_type=\"flip-box.default\">\n\t\t\t\t<div class=\"elementor-widget-container\">\n\t\t\t\t\t\t\t<div class=\"elementor-flip-box\" tabindex=\"0\">\n\t\t\t<div class=\"elementor-flip-box__layer elementor-flip-box__front\">\n\t\t\t\t<div class=\"elementor-flip-box__layer__overlay\">\n\t\t\t\t\t<div class=\"elementor-flip-box__layer__inner\">\n\t\t\t\t\t\t\n\t\t\t\t\t\t\n\t\t\t\t\t\t\t\t\t\t\t<\/div>\n\t\t\t\t<\/div>\n\t\t\t<\/div>\n\t\t\t<div class=\"elementor-flip-box__layer elementor-flip-box__back\">\n\t\t\t<div class=\"elementor-flip-box__layer__overlay\">\n\t\t\t\t<div class=\"elementor-flip-box__layer__inner\">\n\t\t\t\t\t\t\t\t\t\t\t<h3 class=\"elementor-flip-box__layer__title\">\n\t\t\t\t\t\t\tBomb\u00e1z\u00f3 dr\u00f3nok\t\t\t\t\t\t<\/h3>\n\t\t\t\t\t\n\t\t\t\t\t\t\t\t\t\t\t<div class=\"elementor-flip-box__layer__description\">\n\t\t\t\t\t\t\tA bomb\u00e1z\u00f3 dr\u00f3nok kritikus szerepet j\u00e1tszottak Ukrajna v\u00e9delmi strat\u00e9gi\u00e1j\u00e1ban, lehet\u0151v\u00e9 t\u00e9ve a hadsereg sz\u00e1m\u00e1ra, hogy prec\u00edzi\u00f3s csap\u00e1sokat hajtson v\u00e9gre az orosz er\u0151k ellen. Ezek a robban\u00f3anyaggal felszerelt dr\u00f3nok nagy pontoss\u00e1ggal tudj\u00e1k c\u00e9lba venni az ellens\u00e9ges \u00e1ll\u00e1sokat, j\u00e1rm\u0171veket \u00e9s infrastrukt\u00far\u00e1t, cs\u00f6kkentve az emberes rep\u00fcl\u0151g\u00e9pek sz\u00fcks\u00e9gess\u00e9g\u00e9t a vesz\u00e9lyes harci \u00f6vezetekben. Az ukr\u00e1n er\u0151k hat\u00e9konyan alkalmazt\u00e1k a bomb\u00e1z\u00f3 dr\u00f3nokat mind t\u00e1mad\u00f3, mind v\u00e9dekez\u0151 m\u0171veletekben, k\u00fcl\u00f6n\u00f6sen a nehezen el\u00e9rhet\u0151 ter\u00fcleteken, ahol a hagyom\u00e1nyos t\u00fcz\u00e9rs\u00e9g k\u00fczdhet. A dr\u00f3nok k\u00f6lts\u00e9ghat\u00e9kony eszk\u00f6zt biztos\u00edtanak jelent\u0151s t\u0171zer\u0151 biztos\u00edt\u00e1s\u00e1ra is, seg\u00edtve Ukrajn\u00e1t a nagyobb \u00e9s jobban felszerelt orosz hadsereggel szembeni ellen\u00e1ll\u00e1sban. Haszn\u00e1latuk gy\u00f6keresen megv\u00e1ltoztatta a helyzetet, lehet\u0151v\u00e9 t\u00e9ve a gyors, rugalmas t\u00e1mad\u00e1sokat minim\u00e1lis kock\u00e1zattal az ukr\u00e1n katon\u00e1k sz\u00e1m\u00e1ra.\t\t\t\t\t\t<\/div>\n\t\t\t\t\t\n\t\t\t\t\t\t\t\t<\/div>\n\t\t<\/div>\n\t\t<\/div>\n\t\t<\/div>\n\t\t\t\t\t\t<\/div>\n\t\t\t\t<\/div>\n\t\t\t\t\t<\/div>\n\t\t<\/div>\n\t\t\t\t<div class=\"elementor-column elementor-col-33 elementor-inner-column elementor-element elementor-element-58a98b4\" data-id=\"58a98b4\" data-element_type=\"column\" data-e-type=\"column\">\n\t\t\t<div class=\"elementor-widget-wrap elementor-element-populated\">\n\t\t\t\t\t\t<div class=\"elementor-element elementor-element-7303fd4 elementor-flip-box--effect-fade elementor-widget elementor-widget-flip-box\" data-id=\"7303fd4\" data-element_type=\"widget\" data-e-type=\"widget\" data-widget_type=\"flip-box.default\">\n\t\t\t\t<div class=\"elementor-widget-container\">\n\t\t\t\t\t\t\t<div class=\"elementor-flip-box\" tabindex=\"0\">\n\t\t\t<div class=\"elementor-flip-box__layer elementor-flip-box__front\">\n\t\t\t\t<div class=\"elementor-flip-box__layer__overlay\">\n\t\t\t\t\t<div class=\"elementor-flip-box__layer__inner\">\n\t\t\t\t\t\t\n\t\t\t\t\t\t\n\t\t\t\t\t\t\t\t\t\t\t<\/div>\n\t\t\t\t<\/div>\n\t\t\t<\/div>\n\t\t\t<div class=\"elementor-flip-box__layer elementor-flip-box__back\">\n\t\t\t<div class=\"elementor-flip-box__layer__overlay\">\n\t\t\t\t<div class=\"elementor-flip-box__layer__inner\">\n\t\t\t\t\t\t\t\t\t\t\t<h3 class=\"elementor-flip-box__layer__title\">\n\t\t\t\t\t\t\tFPV dr\u00f3nok\t\t\t\t\t\t<\/h3>\n\t\t\t\t\t\n\t\t\t\t\t\t\t\t\t\t\t<div class=\"elementor-flip-box__layer__description\">\n\t\t\t\t\t\t\tAz FPV (els\u0151 szem\u00e9ly\u0171 n\u00e9zet\u0171) \u00f6ngyilkos dr\u00f3nok forradalmas\u00edtott\u00e1k a hadvisel\u00e9st. Ezeket a val\u00f3s idej\u0171 vide\u00f3k\u00f6zvet\u00edt\u00e9seken kereszt\u00fcl t\u00e1volr\u00f3l ir\u00e1ny\u00edthat\u00f3 dr\u00f3nokat \u00fagy tervezt\u00e9k, hogy robban\u00f3anyagokat juttassanak el k\u00f6zvetlen\u00fcl az ellens\u00e9ges c\u00e9lpontokhoz. K\u00fcl\u00f6n\u00f6sen hat\u00e9konyak p\u00e1nc\u00e9lozott j\u00e1rm\u0171vek, er\u0151d\u00edtm\u00e9nyek \u00e9s nagy \u00e9rt\u00e9k\u0171 c\u00e9lpontok ellen, alacsony k\u00f6lts\u00e9g\u0171, m\u00e9gis puszt\u00edt\u00f3 eszk\u00f6zt k\u00edn\u00e1lva az ukr\u00e1n er\u0151k sz\u00e1m\u00e1ra. Sz\u00e9les k\u00f6r\u0171 haszn\u00e1latuk lehet\u0151v\u00e9 tette Ukrajna sz\u00e1m\u00e1ra, hogy megzavarja az orosz m\u0171veleteket, mik\u00f6zben minimaliz\u00e1lja a saj\u00e1t csapataira leselked\u0151 kock\u00e1zatot.\n\t\t\t\t\t\t<\/div>\n\t\t\t\t\t\n\t\t\t\t\t\t\t\t<\/div>\n\t\t<\/div>\n\t\t<\/div>\n\t\t<\/div>\n\t\t\t\t\t\t<\/div>\n\t\t\t\t<\/div>\n\t\t\t\t\t<\/div>\n\t\t<\/div>\n\t\t\t\t\t<\/div>\n\t\t<\/section>\n\t\t\t\t\t<\/div>\n\t\t<\/div>\n\t\t\t\t\t<\/div>\n\t\t<\/section>\n\t\t<div class=\"elementor-element elementor-element-952858a e-flex e-con-boxed e-con e-parent\" data-id=\"952858a\" data-element_type=\"container\" data-e-type=\"container\">\n\t\t\t\t\t<div class=\"e-con-inner\">\n\t\t<div class=\"elementor-element elementor-element-d856770 e-con-full e-flex e-con e-child\" data-id=\"d856770\" data-element_type=\"container\" data-e-type=\"container\">\n\t\t\t\t<div class=\"elementor-element elementor-element-fc1fa8d elementor-widget__width-auto elementor-absolute elementor-widget elementor-widget-image\" data-id=\"fc1fa8d\" data-element_type=\"widget\" data-e-type=\"widget\" data-settings=\"{&quot;_position&quot;:&quot;absolute&quot;}\" data-widget_type=\"image.default\">\n\t\t\t\t<div class=\"elementor-widget-container\">\n\t\t\t\t\t\t\t\t\t\t\t\t\t\t\t<img decoding=\"async\" width=\"360\" height=\"360\" src=\"https:\/\/defensetechforukraine.org\/wp-content\/uploads\/2024\/09\/element-blur-2.png\" class=\"attachment-large size-large wp-image-22\" alt=\"\" srcset=\"https:\/\/defensetechforukraine.org\/wp-content\/uploads\/2024\/09\/element-blur-2.png 360w, https:\/\/defensetechforukraine.org\/wp-content\/uploads\/2024\/09\/element-blur-2-300x300.png 300w, https:\/\/defensetechforukraine.org\/wp-content\/uploads\/2024\/09\/element-blur-2-150x150.png 150w\" sizes=\"(max-width: 360px) 100vw, 360px\" \/>\t\t\t\t\t\t\t\t\t\t\t\t\t\t\t<\/div>\n\t\t\t\t<\/div>\n\t\t\t\t<div class=\"elementor-element elementor-element-023fcae elementor-widget elementor-widget-heading\" data-id=\"023fcae\" data-element_type=\"widget\" data-e-type=\"widget\" data-widget_type=\"heading.default\">\n\t\t\t\t<div class=\"elementor-widget-container\">\n\t\t\t\t\t<h6 class=\"elementor-heading-title elementor-size-default\">V\u00e9delmi Technol\u00f3gia Ukrajn\u00e1nak (DTU)<\/h6>\t\t\t\t<\/div>\n\t\t\t\t<\/div>\n\t\t\t\t<div class=\"elementor-element elementor-element-e2ad0e0 elementor-widget elementor-widget-heading\" data-id=\"e2ad0e0\" data-element_type=\"widget\" data-e-type=\"widget\" data-widget_type=\"heading.default\">\n\t\t\t\t<div class=\"elementor-widget-container\">\n\t\t\t\t\t<h2 class=\"elementor-heading-title elementor-size-default\">Csatlakozzon hozz\u00e1nk, hogy seg\u00edtsen az ukr\u00e1n hadseregnek \u00e9leteket menteni \u00e9s megv\u00e9deni a szabads\u00e1got.<\/h2>\t\t\t\t<\/div>\n\t\t\t\t<\/div>\n\t\t\t\t<div class=\"elementor-element elementor-element-89c9ead elementor-widget elementor-widget-text-editor\" data-id=\"89c9ead\" data-element_type=\"widget\" data-e-type=\"widget\" data-widget_type=\"text-editor.default\">\n\t\t\t\t<div class=\"elementor-widget-container\">\n\t\t\t\t\t\t\t\t\t<p><span style=\"font-weight: 400;\">A Defense Tech for Ukraine nemzetk\u00f6zi \u00f6nk\u00e9nteseket biztos\u00edt, hogy b\u00e1rhonnan seg\u00edts\u00e9k Ukrajn\u00e1t. Csatlakozzon, \u00e9s \u00e1lljon a t\u00f6rt\u00e9nelem helyes oldal\u00e1n!<\/span><\/p>\t\t\t\t\t\t\t\t<\/div>\n\t\t\t\t<\/div>\n\t\t\t\t<div class=\"elementor-element elementor-element-fa77a23 elementor-mobile-align-justify elementor-widget elementor-widget-button\" data-id=\"fa77a23\" data-element_type=\"widget\" data-e-type=\"widget\" data-widget_type=\"button.default\">\n\t\t\t\t<div class=\"elementor-widget-container\">\n\t\t\t\t\t\t\t\t\t<div class=\"elementor-button-wrapper\">\n\t\t\t\t\t<a class=\"elementor-button elementor-button-link elementor-size-sm\" href=\"\/hu\/sign-up-to-volunteer\/\">\n\t\t\t\t\t\t<span class=\"elementor-button-content-wrapper\">\n\t\t\t\t\t\t\t\t\t<span class=\"elementor-button-text\">Kezd\u00e9s<\/span>\n\t\t\t\t\t<\/span>\n\t\t\t\t\t<\/a>\n\t\t\t\t<\/div>\n\t\t\t\t\t\t\t\t<\/div>\n\t\t\t\t<\/div>\n\t\t\t\t<\/div>\n\t\t<div class=\"elementor-element elementor-element-ebffe94 e-con-full e-flex e-con e-child\" data-id=\"ebffe94\" data-element_type=\"container\" data-e-type=\"container\">\n\t\t\t\t<div class=\"elementor-element elementor-element-9a11f3e elementor-widget elementor-widget-image\" data-id=\"9a11f3e\" data-element_type=\"widget\" data-e-type=\"widget\" data-widget_type=\"image.default\">\n\t\t\t\t<div class=\"elementor-widget-container\">\n\t\t\t\t\t\t\t\t\t\t\t\t\t\t\t<img decoding=\"async\" width=\"1707\" height=\"2560\" src=\"https:\/\/defensetechforukraine.org\/wp-content\/uploads\/2024\/09\/photo-Vadym-Pliashechko-_-State-Border-Guard-Service-of-Ukraine-_-the-Collection-of-war.ukraine.ua_-scaled.webp\" class=\"attachment-full size-full wp-image-1062\" alt=\"\" srcset=\"https:\/\/defensetechforukraine.org\/wp-content\/uploads\/2024\/09\/photo-Vadym-Pliashechko-_-State-Border-Guard-Service-of-Ukraine-_-the-Collection-of-war.ukraine.ua_-scaled.webp 1707w, https:\/\/defensetechforukraine.org\/wp-content\/uploads\/2024\/09\/photo-Vadym-Pliashechko-_-State-Border-Guard-Service-of-Ukraine-_-the-Collection-of-war.ukraine.ua_-200x300.webp 200w, https:\/\/defensetechforukraine.org\/wp-content\/uploads\/2024\/09\/photo-Vadym-Pliashechko-_-State-Border-Guard-Service-of-Ukraine-_-the-Collection-of-war.ukraine.ua_-683x1024.webp 683w, https:\/\/defensetechforukraine.org\/wp-content\/uploads\/2024\/09\/photo-Vadym-Pliashechko-_-State-Border-Guard-Service-of-Ukraine-_-the-Collection-of-war.ukraine.ua_-768x1152.webp 768w, https:\/\/defensetechforukraine.org\/wp-content\/uploads\/2024\/09\/photo-Vadym-Pliashechko-_-State-Border-Guard-Service-of-Ukraine-_-the-Collection-of-war.ukraine.ua_-1024x1536.webp 1024w, https:\/\/defensetechforukraine.org\/wp-content\/uploads\/2024\/09\/photo-Vadym-Pliashechko-_-State-Border-Guard-Service-of-Ukraine-_-the-Collection-of-war.ukraine.ua_-1365x2048.webp 1365w\" sizes=\"(max-width: 1707px) 100vw, 1707px\" \/>\t\t\t\t\t\t\t\t\t\t\t\t\t\t\t<\/div>\n\t\t\t\t<\/div>\n\t\t\t\t<\/div>\n\t\t\t\t\t<\/div>\n\t\t\t\t<\/div>\n\t\t<div class=\"elementor-element elementor-element-b46cd4b e-con-full e-flex e-con e-parent\" data-id=\"b46cd4b\" data-element_type=\"container\" data-e-type=\"container\" data-settings=\"{&quot;background_background&quot;:&quot;classic&quot;}\">\n\t\t<div class=\"elementor-element elementor-element-1dfe0e8 e-flex e-con-boxed e-con e-child\" data-id=\"1dfe0e8\" data-element_type=\"container\" data-e-type=\"container\">\n\t\t\t\t\t<div class=\"e-con-inner\">\n\t\t\t\t<div class=\"elementor-element elementor-element-c06a0ae elementor-widget__width-initial elementor-widget elementor-widget-heading\" data-id=\"c06a0ae\" data-element_type=\"widget\" data-e-type=\"widget\" data-widget_type=\"heading.default\">\n\t\t\t\t<div class=\"elementor-widget-container\">\n\t\t\t\t\t<div class=\"elementor-heading-title elementor-size-default\">A dr\u00f3nv\u00e1s\u00e1rl\u00e1ssal kapcsolatos r\u00e9szletes \u00fatmutat\u00f3\u00e9rt kattintson a k\u00e9pre a linkre.<\/div>\t\t\t\t<\/div>\n\t\t\t\t<\/div>\n\t\t\t\t<div class=\"elementor-element elementor-element-71fcb64 elementor-widget elementor-widget-image\" data-id=\"71fcb64\" data-element_type=\"widget\" data-e-type=\"widget\" data-widget_type=\"image.default\">\n\t\t\t\t<div class=\"elementor-widget-container\">\n\t\t\t\t\t\t\t\t\t\t\t\t\t\t\t\t<a href=\"https:\/\/defensetechforukraine.org\/wp-content\/uploads\/2025\/01\/How-to-buy-drones-for-Ukraine.pdf\" target=\"_blank\">\n\t\t\t\t\t\t\t<img loading=\"lazy\" decoding=\"async\" width=\"1920\" height=\"350\" src=\"https:\/\/defensetechforukraine.org\/wp-content\/uploads\/2025\/12\/image_06_HU_version.webp\" class=\"attachment-full size-full wp-image-953\" alt=\"\" srcset=\"https:\/\/defensetechforukraine.org\/wp-content\/uploads\/2025\/12\/image_06_HU_version.webp 960w, https:\/\/defensetechforukraine.org\/wp-content\/uploads\/2025\/12\/image_06_HU_version-300x55.webp 300w, https:\/\/defensetechforukraine.org\/wp-content\/uploads\/2025\/12\/image_06_HU_version-768x140.webp 768w, https:\/\/defensetechforukraine.org\/wp-content\/uploads\/2025\/12\/image_06_HU_version-18x3.webp 18w\" sizes=\"(max-width: 1920px) 100vw, 1920px\" \/>\t\t\t\t\t\t\t\t<\/a>\n\t\t\t\t\t\t\t\t\t\t\t\t\t\t\t<\/div>\n\t\t\t\t<\/div>\n\t\t\t\t\t<\/div>\n\t\t\t\t<\/div>\n\t\t\t\t<\/div>\n\t\t\t\t<\/div>","protected":false},"excerpt":{"rendered":"<p>Drones for Ukraine Drones for the Victory Work with our network to ramp up supplies of the main types of battlefield-ready drones ISR\/Recon Drones Intelligence, Surveillance, and Reconnaissance (ISR) drones play a critical role in the ongoing conflict with Russia. Ukrainian forces use these drones to track enemy movements, identify key targets, and coordinate precise [&hellip;]<\/p>\n","protected":false},"author":2,"featured_media":0,"parent":0,"menu_order":0,"comment_status":"closed","ping_status":"closed","template":"","meta":{"_acf_changed":false,"footnotes":""},"class_list":["post-190","page","type-page","status-publish","hentry"],"acf":[],"_links":{"self":[{"href":"https:\/\/defensetechforukraine.org\/hu\/wp-json\/wp\/v2\/pages\/190","targetHints":{"allow":["GET"]}}],"collection":[{"href":"https:\/\/defensetechforukraine.org\/hu\/wp-json\/wp\/v2\/pages"}],"about":[{"href":"https:\/\/defensetechforukraine.org\/hu\/wp-json\/wp\/v2\/types\/page"}],"author":[{"embeddable":true,"href":"https:\/\/defensetechforukraine.org\/hu\/wp-json\/wp\/v2\/users\/2"}],"replies":[{"embeddable":true,"href":"https:\/\/defensetechforukraine.org\/hu\/wp-json\/wp\/v2\/comments?post=190"}],"version-history":[{"count":27,"href":"https:\/\/defensetechforukraine.org\/hu\/wp-json\/wp\/v2\/pages\/190\/revisions"}],"predecessor-version":[{"id":5401,"href":"https:\/\/defensetechforukraine.org\/hu\/wp-json\/wp\/v2\/pages\/190\/revisions\/5401"}],"wp:attachment":[{"href":"https:\/\/defensetechforukraine.org\/hu\/wp-json\/wp\/v2\/media?parent=190"}],"curies":[{"name":"munkaf\u00fczet","href":"https:\/\/api.w.org\/{rel}","templated":true}]}}