{"id":1894,"date":"2025-01-28T12:20:02","date_gmt":"2025-01-28T12:20:02","guid":{"rendered":"https:\/\/defensetechforukraine.org\/?page_id=1894"},"modified":"2025-09-10T22:30:38","modified_gmt":"2025-09-10T22:30:38","slug":"how-to-buy-equipment-for-ukraines-military","status":"publish","type":"page","link":"https:\/\/defensetechforukraine.org\/hu\/how-to-buy-equipment-for-ukraines-military\/","title":{"rendered":"Hogyan v\u00e1s\u00e1roljunk felszerel\u00e9st az ukr\u00e1n hadsereg sz\u00e1m\u00e1ra?"},"content":{"rendered":"<div data-elementor-type=\"wp-page\" data-elementor-id=\"1894\" class=\"elementor elementor-1894\" data-elementor-post-type=\"page\">\n\t\t\t\t\t\t<section class=\"elementor-section elementor-top-section elementor-element elementor-element-9f3b9f6 elementor-section-full_width elementor-section-height-min-height elementor-section-items-top elementor-section-height-default\" data-id=\"9f3b9f6\" data-element_type=\"section\" data-e-type=\"section\" data-settings=\"{&quot;background_background&quot;:&quot;classic&quot;}\">\n\t\t\t\t\t\t\t<div class=\"elementor-background-overlay\"><\/div>\n\t\t\t\t\t\t\t<div class=\"elementor-container elementor-column-gap-no\">\n\t\t\t\t\t<div class=\"elementor-column elementor-col-100 elementor-top-column elementor-element elementor-element-c01e558\" data-id=\"c01e558\" data-element_type=\"column\" data-e-type=\"column\">\n\t\t\t<div class=\"elementor-widget-wrap elementor-element-populated\">\n\t\t\t\t\t\t<div class=\"elementor-element elementor-element-262f12f elementor-widget elementor-widget-heading\" data-id=\"262f12f\" data-element_type=\"widget\" data-e-type=\"widget\" data-widget_type=\"heading.default\">\n\t\t\t\t<div class=\"elementor-widget-container\">\n\t\t\t\t\t<h1 class=\"elementor-heading-title elementor-size-default\">Hogyan v\u00e1s\u00e1roljunk felszerel\u00e9st az ukr\u00e1n hadsereg sz\u00e1m\u00e1ra?<\/h1>\t\t\t\t<\/div>\n\t\t\t\t<\/div>\n\t\t\t\t<div class=\"elementor-element elementor-element-7810ad3 elementor-widget__width-auto bread_01 elementor-widget elementor-widget-shortcode\" data-id=\"7810ad3\" data-element_type=\"widget\" data-e-type=\"widget\" data-widget_type=\"shortcode.default\">\n\t\t\t\t<div class=\"elementor-widget-container\">\n\t\t\t\t\t\t\t<div class=\"elementor-shortcode\">\t\t\t<!-- Flexy Breadcrumb -->\r\n\t\t\t<div class=\"fbc fbc-page\">\r\n\r\n\t\t\t\t<!-- Breadcrumb wrapper -->\r\n\t\t\t\t<div class=\"fbc-wrap\">\r\n\r\n\t\t\t\t\t<!-- Ordered list-->\r\n\t\t\t\t\t<ol class=\"fbc-items\" itemscope itemtype=\"https:\/\/schema.org\/BreadcrumbList\">\r\n\t\t\t\t\t\t            <li itemprop=\"itemListElement\" itemscope itemtype=\"https:\/\/schema.org\/ListItem\">\r\n                <span itemprop=\"name\">\r\n                    <!-- Home Link -->\r\n                    <a itemprop=\"item\" href=\"https:\/\/defensetechforukraine.org\/hu\/\">\r\n                    \r\n                                                    <i class=\"fa fa-home\" aria-hidden=\"true\"><\/i>Otthon                    <\/a>\r\n                <\/span>\r\n                <meta itemprop=\"position\" content=\"1\" \/><!-- Meta Position-->\r\n             <\/li><li><span class=\"fbc-separator\">\/<\/span><\/li><li class=\"active\" itemprop=\"itemListElement\" itemscope itemtype=\"https:\/\/schema.org\/ListItem\"><span itemprop=\"name\" title=\"Hogyan v\u00e1s\u00e1roljunk felszerel\u00e9st az ukr\u00e1n hadsereg sz\u00e1m\u00e1ra?\">Hogyan v\u00e1s\u00e1roljunk...<\/span><meta itemprop=\"position\" content=\"2\" \/><\/li>\t\t\t\t\t<\/ol>\r\n\t\t\t\t\t<div class=\"clearfix\"><\/div>\r\n\t\t\t\t<\/div>\r\n\t\t\t<\/div>\r\n\t\t\t<\/div>\n\t\t\t\t\t\t<\/div>\n\t\t\t\t<\/div>\n\t\t\t\t\t<\/div>\n\t\t<\/div>\n\t\t\t\t\t<\/div>\n\t\t<\/section>\n\t\t<div class=\"elementor-element elementor-element-22e339e e-flex e-con-boxed e-con e-parent\" data-id=\"22e339e\" data-element_type=\"container\" data-e-type=\"container\">\n\t\t\t\t\t<div class=\"e-con-inner\">\n\t\t\t\t<div class=\"elementor-element elementor-element-c30a3af elementor-widget elementor-widget-text-editor\" data-id=\"c30a3af\" data-element_type=\"widget\" data-e-type=\"widget\" data-widget_type=\"text-editor.default\">\n\t\t\t\t<div class=\"elementor-widget-container\">\n\t\t\t\t\t\t\t\t\t<div data-id=\"4903682\" data-element_type=\"container\"><div data-id=\"f9aa534\" data-element_type=\"widget\" data-widget_type=\"theme-post-content.default\"><p>A Defense Tech for Ukraine c\u00e9lja, hogy seg\u00edtsen Ukrajn\u00e1nak megv\u00e9deni saj\u00e1t (\u00e9s a MI) szabads\u00e1gunkat. Ennek az \u00fcgynek a t\u00e1mogat\u00e1sa \u00e9rdek\u00e9ben sz\u00e1mos tagunk t\u00e1mogatja Ukrajna hadsereg\u00e9t nem hal\u00e1los, de l\u00e9tfontoss\u00e1g\u00fa felszerel\u00e9sekkel, p\u00e9ld\u00e1ul dr\u00f3nokkal, \u00e9jjell\u00e1t\u00f3kkal, j\u00e1rm\u0171vekkel, t\u00e9li ruh\u00e1zattal, r\u00e1di\u00f3kkal stb.<\/p><p><i><br \/><\/i>Az ukr\u00e1n katonai egys\u00e9geket t\u00e1mogat\u00f3 egy\u00e9nek \u00e9s csoportok megseg\u00edt\u00e9se \u00e9rdek\u00e9ben \u00fatmutat\u00f3kat k\u00e9sz\u00edtett\u00fcnk, amelyekben megosztjuk nehezen megszerzett tud\u00e1sunkat a k\u00fcl\u00f6nf\u00e9le katonai felszerel\u00e9sek beszerz\u00e9s\u00e9r\u0151l \u00e9s sz\u00e1ll\u00edt\u00e1s\u00e1r\u00f3l:<\/p><p>angol<\/p><\/div><\/div>\t\t\t\t\t\t\t\t<\/div>\n\t\t\t\t<\/div>\n\t\t\t\t\t<\/div>\n\t\t\t\t<\/div>\n\t\t<div class=\"elementor-element elementor-element-a90f176 e-flex e-con-boxed e-con e-parent\" data-id=\"a90f176\" data-element_type=\"container\" data-e-type=\"container\">\n\t\t\t\t\t<div class=\"e-con-inner\">\n\t\t\t\t<div class=\"elementor-element elementor-element-afb0f71 elementor-position-left elementor-vertical-align-middle elementor-widget elementor-widget-image-box\" data-id=\"afb0f71\" data-element_type=\"widget\" data-e-type=\"widget\" data-widget_type=\"image-box.default\">\n\t\t\t\t<div class=\"elementor-widget-container\">\n\t\t\t\t\t<div class=\"elementor-image-box-wrapper\"><figure class=\"elementor-image-box-img\"><a href=\"https:\/\/defensetechforukraine.org\/hu\/how-to-buy-drones-for-ukraine-2\/\" tabindex=\"-1\"><img fetchpriority=\"high\" decoding=\"async\" width=\"610\" height=\"783\" src=\"https:\/\/defensetechforukraine.org\/wp-content\/uploads\/2025\/02\/How-to-Buy-Drones-Guide.jpg\" class=\"attachment-full size-full wp-image-2025\" alt=\"\" srcset=\"https:\/\/defensetechforukraine.org\/wp-content\/uploads\/2025\/02\/How-to-Buy-Drones-Guide.jpg 610w, https:\/\/defensetechforukraine.org\/wp-content\/uploads\/2025\/02\/How-to-Buy-Drones-Guide-234x300.jpg 234w\" sizes=\"(max-width: 610px) 100vw, 610px\" \/><\/a><\/figure><div class=\"elementor-image-box-content\"><h3 class=\"elementor-image-box-title\"><a href=\"https:\/\/defensetechforukraine.org\/hu\/how-to-buy-drones-for-ukraine-2\/\">Hogyan v\u00e1s\u00e1roljunk dr\u00f3nokat Ukrajn\u00e1nak<\/a><\/h3><\/div><\/div>\t\t\t\t<\/div>\n\t\t\t\t<\/div>\n\t\t\t\t<div class=\"elementor-element elementor-element-f3862bf elementor-position-left elementor-vertical-align-middle elementor-widget elementor-widget-image-box\" data-id=\"f3862bf\" data-element_type=\"widget\" data-e-type=\"widget\" data-widget_type=\"image-box.default\">\n\t\t\t\t<div class=\"elementor-widget-container\">\n\t\t\t\t\t<div class=\"elementor-image-box-wrapper\"><figure class=\"elementor-image-box-img\"><a href=\"https:\/\/defensetechforukraine.org\/hu\/how-to-buy-night-vision-for-ukraine-2\/\" tabindex=\"-1\"><img decoding=\"async\" width=\"508\" height=\"659\" src=\"https:\/\/defensetechforukraine.org\/wp-content\/uploads\/2025\/02\/How-to-Buy-Night-Vision-Guide.jpg\" class=\"attachment-full size-full wp-image-2026\" alt=\"\" srcset=\"https:\/\/defensetechforukraine.org\/wp-content\/uploads\/2025\/02\/How-to-Buy-Night-Vision-Guide.jpg 508w, https:\/\/defensetechforukraine.org\/wp-content\/uploads\/2025\/02\/How-to-Buy-Night-Vision-Guide-231x300.jpg 231w\" sizes=\"(max-width: 508px) 100vw, 508px\" \/><\/a><\/figure><div class=\"elementor-image-box-content\"><h3 class=\"elementor-image-box-title\"><a href=\"https:\/\/defensetechforukraine.org\/hu\/how-to-buy-night-vision-for-ukraine-2\/\">Hogyan v\u00e1s\u00e1roljunk \u00e9jjell\u00e1t\u00f3t Ukrajn\u00e1ban<\/a><\/h3><\/div><\/div>\t\t\t\t<\/div>\n\t\t\t\t<\/div>\n\t\t\t\t<div class=\"elementor-element elementor-element-0eae728 elementor-position-left elementor-vertical-align-middle elementor-widget elementor-widget-image-box\" data-id=\"0eae728\" data-element_type=\"widget\" data-e-type=\"widget\" data-widget_type=\"image-box.default\">\n\t\t\t\t<div class=\"elementor-widget-container\">\n\t\t\t\t\t<div class=\"elementor-image-box-wrapper\"><figure class=\"elementor-image-box-img\"><a href=\"https:\/\/defensetechforukraine.org\/hu\/how-to-buy-vehicles-for-ukraine-guide\/\" tabindex=\"-1\"><img decoding=\"async\" width=\"508\" height=\"659\" src=\"https:\/\/defensetechforukraine.org\/wp-content\/uploads\/2025\/02\/How-to-Buy-Vehicles-Guide.jpg\" class=\"attachment-full size-full wp-image-2027\" alt=\"\" srcset=\"https:\/\/defensetechforukraine.org\/wp-content\/uploads\/2025\/02\/How-to-Buy-Vehicles-Guide.jpg 508w, https:\/\/defensetechforukraine.org\/wp-content\/uploads\/2025\/02\/How-to-Buy-Vehicles-Guide-231x300.jpg 231w\" sizes=\"(max-width: 508px) 100vw, 508px\" \/><\/a><\/figure><div class=\"elementor-image-box-content\"><h3 class=\"elementor-image-box-title\"><a href=\"https:\/\/defensetechforukraine.org\/hu\/how-to-buy-vehicles-for-ukraine-guide\/\">Hogyan v\u00e1s\u00e1roljunk j\u00e1rm\u0171veket Ukrajn\u00e1ban<\/a><\/h3><\/div><\/div>\t\t\t\t<\/div>\n\t\t\t\t<\/div>\n\t\t\t\t<div class=\"elementor-element elementor-element-03cfb34 elementor-position-left elementor-vertical-align-middle elementor-widget elementor-widget-image-box\" data-id=\"03cfb34\" data-element_type=\"widget\" data-e-type=\"widget\" data-widget_type=\"image-box.default\">\n\t\t\t\t<div class=\"elementor-widget-container\">\n\t\t\t\t\t<div class=\"elementor-image-box-wrapper\"><figure class=\"elementor-image-box-img\"><a href=\"https:\/\/defensetechforukraine.org\/hu\/how-to-buy-humvees-for-ukraine\/\" tabindex=\"-1\"><img loading=\"lazy\" decoding=\"async\" width=\"918\" height=\"1196\" src=\"https:\/\/defensetechforukraine.org\/wp-content\/uploads\/2025\/02\/How-to-Buy-and-Ship-Humvees-Guide.jpg\" class=\"attachment-full size-full wp-image-2022\" alt=\"\" srcset=\"https:\/\/defensetechforukraine.org\/wp-content\/uploads\/2025\/02\/How-to-Buy-and-Ship-Humvees-Guide.jpg 918w, https:\/\/defensetechforukraine.org\/wp-content\/uploads\/2025\/02\/How-to-Buy-and-Ship-Humvees-Guide-230x300.jpg 230w, https:\/\/defensetechforukraine.org\/wp-content\/uploads\/2025\/02\/How-to-Buy-and-Ship-Humvees-Guide-786x1024.jpg 786w, https:\/\/defensetechforukraine.org\/wp-content\/uploads\/2025\/02\/How-to-Buy-and-Ship-Humvees-Guide-768x1001.jpg 768w\" sizes=\"(max-width: 918px) 100vw, 918px\" \/><\/a><\/figure><div class=\"elementor-image-box-content\"><h3 class=\"elementor-image-box-title\"><a href=\"https:\/\/defensetechforukraine.org\/hu\/how-to-buy-humvees-for-ukraine\/\">Hogyan v\u00e1s\u00e1roljunk \u00e9s sz\u00e1ll\u00edtsunk Humvee-ket Ukrajn\u00e1ba<\/a><\/h3><\/div><\/div>\t\t\t\t<\/div>\n\t\t\t\t<\/div>\n\t\t\t\t\t<\/div>\n\t\t\t\t<\/div>\n\t\t<div class=\"elementor-element elementor-element-5870b07 e-flex e-con-boxed e-con e-parent\" data-id=\"5870b07\" data-element_type=\"container\" data-e-type=\"container\">\n\t\t\t\t\t<div class=\"e-con-inner\">\n\t\t\t\t<div class=\"elementor-element elementor-element-9a815b0 elementor-widget elementor-widget-text-editor\" data-id=\"9a815b0\" data-element_type=\"widget\" data-e-type=\"widget\" data-widget_type=\"text-editor.default\">\n\t\t\t\t<div class=\"elementor-widget-container\">\n\t\t\t\t\t\t\t\t\t<div data-id=\"4903682\" data-element_type=\"container\"><div data-id=\"f9aa534\" data-element_type=\"widget\" data-widget_type=\"theme-post-content.default\"><p>\u0423\u043a\u0440\u0430\u0457\u043d\u0441\u044c\u043a\u0430 (ukr\u00e1n nyelv)<\/p><ul><li><a href=\"https:\/\/defensetechforukraine.org\/hu\/translated-copy-of-how-to-buy-drones-for-ukraine\/\"><span style=\"color: #3366ff;\">\u042f\u043a\u0456 \u0434\u0440\u043e\u043d\u0438 \u043a\u0443\u043f\u0443\u0432\u0430\u0442\u0438 \u0434\u043b\u044f \u0423\u043a\u0440\u0430\u0457\u043d\u0438 (Hogyan v\u00e1s\u00e1roljunk dr\u00f3nokat Ukrajn\u00e1ban)<\/span><\/a><\/li><li><a href=\"https:\/\/defensetechforukraine.org\/hu\/translated-copy-of-how-to-buy-night-vision-for-ukraine\/\"><span style=\"color: #3366ff;\">\u042f\u043a \u043a\u0443\u043f\u0438\u0442\u0438 \u043d\u0456\u0447\u043d\u0435 \u0431\u0430\u0447\u0435\u043d\u043d\u044f \u0434\u043b\u044f \u0423\u043a\u0440\u0430\u0457\u043d\u0438<\/span> (Hogyan v\u00e1s\u00e1roljunk \u00e9jjell\u00e1t\u00f3t Ukrajn\u00e1ban)<\/a><\/li><li><a href=\"https:\/\/defensetechforukraine.org\/hu\/translated-copy-of-how-to-buy-vehicles-for-ukraine-guide\/\"><span style=\"color: #3366ff;\">\u042f\u043a \u043a\u0443\u043f\u0443\u0432\u0430\u0442\u0438 \u0430\u0432\u0442\u043e\u043c\u043e\u0431\u0456\u043b\u0456 \u0434\u043b\u044f \u0417\u0421\u0423 (Hogyan v\u00e1s\u00e1roljunk aut\u00f3kat Ukrajn\u00e1nak)<\/span><\/a><\/li><li><span style=\"color: #3366ff;\"><a style=\"color: #3366ff;\" href=\"https:\/\/defensetechforukraine.org\/hu\/translated-copy-of-how-to-buy-humvees-for-ukraine\/\">\u042f\u043a \u043a\u0443\u043f\u0438\u0442\u0438 \u0442\u0430 \u0434\u043e\u0441\u0442\u0430\u0432\u0438\u0442\u0438 Humvee \u043f\u043e \u0423\u043a\u0440\u0430\u0457\u043d\u0456 (Humvee v\u00e1s\u00e1rl\u00e1s \u00e9s sz\u00e1ll\u00edt\u00e1s Ukrajn\u00e1ba)<\/a><\/span><\/li><\/ul><\/div><\/div><div class=\"elementor-element elementor-element-139cbfa e-flex e-con-boxed e-con e-parent\" data-id=\"139cbfa\" data-element_type=\"container\" data-settings=\"{&quot;background_background&quot;:&quot;classic&quot;}\"><div class=\"e-con-inner\"><div class=\"elementor-element elementor-element-0a54b71 e-con-full e-flex e-con e-child\" data-id=\"0a54b71\" data-element_type=\"container\"><div class=\"elementor-element elementor-element-b8bfc34 elementor-widget elementor-widget-heading\" data-id=\"b8bfc34\" data-element_type=\"widget\" data-widget_type=\"heading.default\"><div class=\"elementor-widget-container\">\u00a0<\/div><\/div><\/div><\/div><\/div>\t\t\t\t\t\t\t\t<\/div>\n\t\t\t\t<\/div>\n\t\t\t\t\t<\/div>\n\t\t\t\t<\/div>\n\t\t\t\t<\/div>","protected":false},"excerpt":{"rendered":"<p>Defense Tech for Ukraine exists to help Ukraine defend their (and OUR) freedom. To assist this cause, many of our members support Ukraine\u2019s military with nonlethal but critical equipment such as drones, night vision, vehicles, winter clothing, radios, etc. To help individuals and groups supporting Ukrainian military units, we have prepared guides to share our [&hellip;]<\/p>\n","protected":false},"author":4,"featured_media":1895,"parent":0,"menu_order":0,"comment_status":"closed","ping_status":"closed","template":"","meta":{"_acf_changed":false,"footnotes":""},"class_list":["post-1894","page","type-page","status-publish","has-post-thumbnail","hentry"],"acf":[],"_links":{"self":[{"href":"https:\/\/defensetechforukraine.org\/hu\/wp-json\/wp\/v2\/pages\/1894","targetHints":{"allow":["GET"]}}],"collection":[{"href":"https:\/\/defensetechforukraine.org\/hu\/wp-json\/wp\/v2\/pages"}],"about":[{"href":"https:\/\/defensetechforukraine.org\/hu\/wp-json\/wp\/v2\/types\/page"}],"author":[{"embeddable":true,"href":"https:\/\/defensetechforukraine.org\/hu\/wp-json\/wp\/v2\/users\/4"}],"replies":[{"embeddable":true,"href":"https:\/\/defensetechforukraine.org\/hu\/wp-json\/wp\/v2\/comments?post=1894"}],"version-history":[{"count":0,"href":"https:\/\/defensetechforukraine.org\/hu\/wp-json\/wp\/v2\/pages\/1894\/revisions"}],"wp:featuredmedia":[{"embeddable":true,"href":"https:\/\/defensetechforukraine.org\/hu\/wp-json\/wp\/v2\/media\/1895"}],"wp:attachment":[{"href":"https:\/\/defensetechforukraine.org\/hu\/wp-json\/wp\/v2\/media?parent=1894"}],"curies":[{"name":"munkaf\u00fczet","href":"https:\/\/api.w.org\/{rel}","templated":true}]}}