{"id":518,"date":"2024-09-17T18:21:51","date_gmt":"2024-09-17T18:21:51","guid":{"rendered":"https:\/\/defensetechforukraine.org\/?page_id=518"},"modified":"2024-09-19T12:24:16","modified_gmt":"2024-09-19T12:24:16","slug":"isr-recon","status":"publish","type":"page","link":"https:\/\/defensetechforukraine.org\/es\/isr-recon\/","title":{"rendered":"ISR\/Reconocimiento"},"content":{"rendered":"<div data-elementor-type=\"wp-page\" data-elementor-id=\"518\" class=\"elementor elementor-518\" data-elementor-post-type=\"page\">\n\t\t\t\t\t\t<section class=\"elementor-section elementor-top-section elementor-element elementor-element-5ef0735 elementor-section-full_width elementor-section-height-default elementor-section-height-default\" data-id=\"5ef0735\" data-element_type=\"section\" data-e-type=\"section\" data-settings=\"{&quot;background_background&quot;:&quot;classic&quot;}\">\n\t\t\t\t\t\t\t<div class=\"elementor-background-overlay\"><\/div>\n\t\t\t\t\t\t\t<div class=\"elementor-container elementor-column-gap-no\">\n\t\t\t\t\t<div class=\"elementor-column elementor-col-100 elementor-top-column elementor-element elementor-element-ae18177\" data-id=\"ae18177\" data-element_type=\"column\" data-e-type=\"column\">\n\t\t\t<div class=\"elementor-widget-wrap elementor-element-populated\">\n\t\t\t\t\t\t<div class=\"elementor-element elementor-element-3dabed9 elementor-widget elementor-widget-heading\" data-id=\"3dabed9\" data-element_type=\"widget\" data-e-type=\"widget\" data-widget_type=\"heading.default\">\n\t\t\t\t<div class=\"elementor-widget-container\">\n\t\t\t\t\t<h1 class=\"elementor-heading-title elementor-size-default\">ISR | Reconocimiento<\/h1>\t\t\t\t<\/div>\n\t\t\t\t<\/div>\n\t\t\t\t<div class=\"elementor-element elementor-element-e2b69ce elementor-widget__width-auto bread_01 elementor-widget elementor-widget-shortcode\" data-id=\"e2b69ce\" data-element_type=\"widget\" data-e-type=\"widget\" data-widget_type=\"shortcode.default\">\n\t\t\t\t<div class=\"elementor-widget-container\">\n\t\t\t\t\t\t\t<div class=\"elementor-shortcode\">\t\t\t<!-- Flexy Breadcrumb -->\r\n\t\t\t<div class=\"fbc fbc-page\">\r\n\r\n\t\t\t\t<!-- Breadcrumb wrapper -->\r\n\t\t\t\t<div class=\"fbc-wrap\">\r\n\r\n\t\t\t\t\t<!-- Ordered list-->\r\n\t\t\t\t\t<ol class=\"fbc-items\" itemscope itemtype=\"https:\/\/schema.org\/BreadcrumbList\">\r\n\t\t\t\t\t\t            <li itemprop=\"itemListElement\" itemscope itemtype=\"https:\/\/schema.org\/ListItem\">\r\n                <span itemprop=\"name\">\r\n                    <!-- Home Link -->\r\n                    <a itemprop=\"item\" href=\"https:\/\/defensetechforukraine.org\/es\/\">\r\n                    \r\n                                                    <i class=\"fa fa-home\" aria-hidden=\"true\"><\/i>Hogar                    <\/a>\r\n                <\/span>\r\n                <meta itemprop=\"position\" content=\"1\" \/><!-- Meta Position-->\r\n             <\/li><li><span class=\"fbc-separator\">\/<\/span><\/li><li class=\"active\" itemprop=\"itemListElement\" itemscope itemtype=\"https:\/\/schema.org\/ListItem\"><span itemprop=\"name\" title=\"ISR\/Reconocimiento\">ISR\/Reconocimiento<\/span><meta itemprop=\"position\" content=\"2\" \/><\/li>\t\t\t\t\t<\/ol>\r\n\t\t\t\t\t<div class=\"clearfix\"><\/div>\r\n\t\t\t\t<\/div>\r\n\t\t\t<\/div>\r\n\t\t\t<\/div>\n\t\t\t\t\t\t<\/div>\n\t\t\t\t<\/div>\n\t\t\t\t\t<\/div>\n\t\t<\/div>\n\t\t\t\t\t<\/div>\n\t\t<\/section>\n\t\t<div class=\"elementor-element elementor-element-5d0a173 e-flex e-con-boxed e-con e-parent\" data-id=\"5d0a173\" data-element_type=\"container\" data-e-type=\"container\" data-settings=\"{&quot;background_background&quot;:&quot;classic&quot;}\">\n\t\t\t\t\t<div class=\"e-con-inner\">\n\t\t<div class=\"elementor-element elementor-element-dfc7384 e-flex e-con-boxed e-con e-child\" data-id=\"dfc7384\" data-element_type=\"container\" data-e-type=\"container\">\n\t\t\t\t\t<div class=\"e-con-inner\">\n\t\t<div class=\"elementor-element elementor-element-12cae52 e-con-full e-flex e-con e-child\" data-id=\"12cae52\" data-element_type=\"container\" data-e-type=\"container\">\n\t\t<div class=\"elementor-element elementor-element-52ad2b3 e-con-full e-flex e-con e-child\" data-id=\"52ad2b3\" data-element_type=\"container\" data-e-type=\"container\">\n\t\t\t\t<div class=\"elementor-element elementor-element-066d1e8 elementor-widget elementor-widget-heading\" data-id=\"066d1e8\" data-element_type=\"widget\" data-e-type=\"widget\" data-widget_type=\"heading.default\">\n\t\t\t\t<div class=\"elementor-widget-container\">\n\t\t\t\t\t<h6 class=\"elementor-heading-title elementor-size-default\">Acerca de ISR | Recon<\/h6>\t\t\t\t<\/div>\n\t\t\t\t<\/div>\n\t\t\t\t<div class=\"elementor-element elementor-element-3afae8d elementor-widget elementor-widget-heading\" data-id=\"3afae8d\" data-element_type=\"widget\" data-e-type=\"widget\" data-widget_type=\"heading.default\">\n\t\t\t\t<div class=\"elementor-widget-container\">\n\t\t\t\t\t<h2 class=\"elementor-heading-title elementor-size-default\">Drones para la victoria<\/h2>\t\t\t\t<\/div>\n\t\t\t\t<\/div>\n\t\t\t\t<div class=\"elementor-element elementor-element-c3cb37f elementor-widget__width-auto elementor-absolute elementor-widget elementor-widget-image\" data-id=\"c3cb37f\" data-element_type=\"widget\" data-e-type=\"widget\" data-settings=\"{&quot;_position&quot;:&quot;absolute&quot;}\" data-widget_type=\"image.default\">\n\t\t\t\t<div class=\"elementor-widget-container\">\n\t\t\t\t\t\t\t\t\t\t\t\t\t\t\t<img fetchpriority=\"high\" decoding=\"async\" width=\"335\" height=\"360\" src=\"https:\/\/defensetechforukraine.org\/wp-content\/uploads\/2024\/09\/element-blur-3.png\" class=\"attachment-large size-large wp-image-32\" alt=\"\" srcset=\"https:\/\/defensetechforukraine.org\/wp-content\/uploads\/2024\/09\/element-blur-3.png 335w, https:\/\/defensetechforukraine.org\/wp-content\/uploads\/2024\/09\/element-blur-3-279x300.png 279w\" sizes=\"(max-width: 335px) 100vw, 335px\" \/>\t\t\t\t\t\t\t\t\t\t\t\t\t\t\t<\/div>\n\t\t\t\t<\/div>\n\t\t\t\t<\/div>\n\t\t<div class=\"elementor-element elementor-element-6cd5cf2 e-con-full e-flex e-con e-child\" data-id=\"6cd5cf2\" data-element_type=\"container\" data-e-type=\"container\">\n\t\t\t\t<div class=\"elementor-element elementor-element-7a0735a elementor-widget elementor-widget-text-editor\" data-id=\"7a0735a\" data-element_type=\"widget\" data-e-type=\"widget\" data-widget_type=\"text-editor.default\">\n\t\t\t\t<div class=\"elementor-widget-container\">\n\t\t\t\t\t\t\t\t\t<p class=\"p1\">Trabaje con nuestra red para aumentar los suministros de los principales tipos de drones listos para el campo de batalla.<\/p>\t\t\t\t\t\t\t\t<\/div>\n\t\t\t\t<\/div>\n\t\t\t\t<\/div>\n\t\t\t\t<\/div>\n\t\t<div class=\"elementor-element elementor-element-e852625 e-con-full e-flex e-con e-child\" data-id=\"e852625\" data-element_type=\"container\" data-e-type=\"container\">\n\t\t\t\t<div class=\"elementor-element elementor-element-e2f800d elementor-widget elementor-widget-video\" data-id=\"e2f800d\" data-element_type=\"widget\" data-e-type=\"widget\" data-settings=\"{&quot;video_type&quot;:&quot;hosted&quot;,&quot;autoplay&quot;:&quot;yes&quot;,&quot;play_on_mobile&quot;:&quot;yes&quot;,&quot;loop&quot;:&quot;yes&quot;,&quot;controls&quot;:&quot;yes&quot;}\" data-widget_type=\"video.default\">\n\t\t\t\t<div class=\"elementor-widget-container\">\n\t\t\t\t\t\t\t<div class=\"e-hosted-video elementor-wrapper elementor-open-inline\">\n\t\t\t\t\t<video class=\"elementor-video\" src=\"https:\/\/defensetechforukraine.org\/wp-content\/uploads\/2024\/09\/ISR_video_01.mp4\" autoplay=\"\" loop=\"\" controls=\"\" playsinline=\"\" controlslist=\"nodownload\"><\/video>\n\t\t\t\t<\/div>\n\t\t\t\t\t\t<\/div>\n\t\t\t\t<\/div>\n\t\t\t\t<\/div>\n\t\t\t\t<div class=\"elementor-element elementor-element-2bdb561 elementor-widget elementor-widget-text-editor\" data-id=\"2bdb561\" data-element_type=\"widget\" data-e-type=\"widget\" data-widget_type=\"text-editor.default\">\n\t\t\t\t<div class=\"elementor-widget-container\">\n\t\t\t\t\t\t\t\t\t<p>Los drones militares se dividen en dos tipos: drones grandes y costosos, generalmente proporcionados por gobiernos y ej\u00e9rcitos. Esta categor\u00eda incluye todos los drones de ala fija y aquellos con sistemas de lanzamiento de armas integrados.<\/p><p>El coste t\u00edpico de un solo dron FPV es de $300-600. Los mejores drones de larga distancia pueden llegar hasta $600. La se\u00f1al de v\u00eddeo es anal\u00f3gica, a diferencia de la digital habitual. Los drones FPV con se\u00f1al de v\u00eddeo digital pueden costar un poco m\u00e1s. Ucrania necesita m\u00e1s de 100.000 al mes.<\/p>\t\t\t\t\t\t\t\t<\/div>\n\t\t\t\t<\/div>\n\t\t<div class=\"elementor-element elementor-element-fec4ba1 e-con-full e-flex e-con e-child\" data-id=\"fec4ba1\" data-element_type=\"container\" data-e-type=\"container\">\n\t\t\t\t<div class=\"elementor-element elementor-element-de81fb8 elementor-widget elementor-widget-image\" data-id=\"de81fb8\" data-element_type=\"widget\" data-e-type=\"widget\" data-widget_type=\"image.default\">\n\t\t\t\t<div class=\"elementor-widget-container\">\n\t\t\t\t\t\t\t\t\t\t\t\t\t\t\t\t<a href=\"https:\/\/defensetechforukraine.org\/wp-content\/uploads\/2024\/09\/pexels-amar-12504497.webp\" data-elementor-open-lightbox=\"yes\" data-elementor-lightbox-title=\"pexels-amar-12504497\" data-e-action-hash=\"#elementor-action%3Aaction%3Dlightbox%26settings%3DeyJpZCI6NTYyLCJ1cmwiOiJodHRwczpcL1wvZGVmZW5zZXRlY2hmb3J1a3JhaW5lLm9yZ1wvd3AtY29udGVudFwvdXBsb2Fkc1wvMjAyNFwvMDlcL3BleGVscy1hbWFyLTEyNTA0NDk3LndlYnAifQ%3D%3D\">\n\t\t\t\t\t\t\t<img decoding=\"async\" width=\"1920\" height=\"1920\" src=\"https:\/\/defensetechforukraine.org\/wp-content\/uploads\/2024\/09\/pexels-amar-12504497.webp\" class=\"attachment-full size-full wp-image-562\" alt=\"\" srcset=\"https:\/\/defensetechforukraine.org\/wp-content\/uploads\/2024\/09\/pexels-amar-12504497.webp 1920w, https:\/\/defensetechforukraine.org\/wp-content\/uploads\/2024\/09\/pexels-amar-12504497-300x300.webp 300w, https:\/\/defensetechforukraine.org\/wp-content\/uploads\/2024\/09\/pexels-amar-12504497-1024x1024.webp 1024w, https:\/\/defensetechforukraine.org\/wp-content\/uploads\/2024\/09\/pexels-amar-12504497-150x150.webp 150w, https:\/\/defensetechforukraine.org\/wp-content\/uploads\/2024\/09\/pexels-amar-12504497-768x768.webp 768w, https:\/\/defensetechforukraine.org\/wp-content\/uploads\/2024\/09\/pexels-amar-12504497-1536x1536.webp 1536w\" sizes=\"(max-width: 1920px) 100vw, 1920px\" \/>\t\t\t\t\t\t\t\t<\/a>\n\t\t\t\t\t\t\t\t\t\t\t\t\t\t\t<\/div>\n\t\t\t\t<\/div>\n\t\t\t\t<div class=\"elementor-element elementor-element-d2be615 elementor-widget elementor-widget-image\" data-id=\"d2be615\" data-element_type=\"widget\" data-e-type=\"widget\" data-widget_type=\"image.default\">\n\t\t\t\t<div class=\"elementor-widget-container\">\n\t\t\t\t\t\t\t\t\t\t\t\t\t\t\t\t<a href=\"https:\/\/defensetechforukraine.org\/wp-content\/uploads\/2024\/09\/pexels-will-s-63702874-8149947.webp\" data-elementor-open-lightbox=\"yes\" data-elementor-lightbox-title=\"pexels-will-s-63702874-8149947\" data-e-action-hash=\"#elementor-action%3Aaction%3Dlightbox%26settings%3DeyJpZCI6NTY0LCJ1cmwiOiJodHRwczpcL1wvZGVmZW5zZXRlY2hmb3J1a3JhaW5lLm9yZ1wvd3AtY29udGVudFwvdXBsb2Fkc1wvMjAyNFwvMDlcL3BleGVscy13aWxsLXMtNjM3MDI4NzQtODE0OTk0Ny53ZWJwIn0%3D\">\n\t\t\t\t\t\t\t<img decoding=\"async\" width=\"1920\" height=\"1920\" src=\"https:\/\/defensetechforukraine.org\/wp-content\/uploads\/2024\/09\/pexels-will-s-63702874-8149947.webp\" class=\"attachment-full size-full wp-image-564\" alt=\"\" srcset=\"https:\/\/defensetechforukraine.org\/wp-content\/uploads\/2024\/09\/pexels-will-s-63702874-8149947.webp 1920w, https:\/\/defensetechforukraine.org\/wp-content\/uploads\/2024\/09\/pexels-will-s-63702874-8149947-300x300.webp 300w, https:\/\/defensetechforukraine.org\/wp-content\/uploads\/2024\/09\/pexels-will-s-63702874-8149947-1024x1024.webp 1024w, https:\/\/defensetechforukraine.org\/wp-content\/uploads\/2024\/09\/pexels-will-s-63702874-8149947-150x150.webp 150w, https:\/\/defensetechforukraine.org\/wp-content\/uploads\/2024\/09\/pexels-will-s-63702874-8149947-768x768.webp 768w, https:\/\/defensetechforukraine.org\/wp-content\/uploads\/2024\/09\/pexels-will-s-63702874-8149947-1536x1536.webp 1536w\" sizes=\"(max-width: 1920px) 100vw, 1920px\" \/>\t\t\t\t\t\t\t\t<\/a>\n\t\t\t\t\t\t\t\t\t\t\t\t\t\t\t<\/div>\n\t\t\t\t<\/div>\n\t\t\t\t<div class=\"elementor-element elementor-element-02c2b69 elementor-widget elementor-widget-image\" data-id=\"02c2b69\" data-element_type=\"widget\" data-e-type=\"widget\" data-widget_type=\"image.default\">\n\t\t\t\t<div class=\"elementor-widget-container\">\n\t\t\t\t\t\t\t\t\t\t\t\t\t\t\t\t<a href=\"https:\/\/defensetechforukraine.org\/wp-content\/uploads\/2024\/09\/type_01.webp\" data-elementor-open-lightbox=\"yes\" data-elementor-lightbox-title=\"type_01\" data-e-action-hash=\"#elementor-action%3Aaction%3Dlightbox%26settings%3DeyJpZCI6MzE2LCJ1cmwiOiJodHRwczpcL1wvZGVmZW5zZXRlY2hmb3J1a3JhaW5lLm9yZ1wvd3AtY29udGVudFwvdXBsb2Fkc1wvMjAyNFwvMDlcL3R5cGVfMDEud2VicCJ9\">\n\t\t\t\t\t\t\t<img decoding=\"async\" src=\"https:\/\/defensetechforukraine.org\/wp-content\/uploads\/elementor\/thumbs\/type_01-r7ntwl5fq279ia2a8uttmperorlpp13odyofjhsdfk.webp\" title=\"tipo_01\" alt=\"type_01\" loading=\"lazy\" \/>\t\t\t\t\t\t\t\t<\/a>\n\t\t\t\t\t\t\t\t\t\t\t\t\t\t\t<\/div>\n\t\t\t\t<\/div>\n\t\t\t\t<\/div>\n\t\t\t\t<div class=\"elementor-element elementor-element-330bf4c elementor-widget elementor-widget-text-editor\" data-id=\"330bf4c\" data-element_type=\"widget\" data-e-type=\"widget\" data-widget_type=\"text-editor.default\">\n\t\t\t\t<div class=\"elementor-widget-container\">\n\t\t\t\t\t\t\t\t\t<p>Los drones militares se dividen en dos tipos: drones grandes y costosos, generalmente proporcionados por gobiernos y ej\u00e9rcitos. Esta categor\u00eda incluye todos los drones de ala fija y aquellos con sistemas de lanzamiento de armas integrados.<\/p><p>El coste t\u00edpico de un solo dron FPV es de $300-600. Los mejores drones de larga distancia pueden llegar hasta $600. La se\u00f1al de v\u00eddeo es anal\u00f3gica, a diferencia de la digital habitual. Los drones FPV con se\u00f1al de v\u00eddeo digital pueden costar un poco m\u00e1s. Ucrania necesita m\u00e1s de 100.000 al mes.<\/p>\t\t\t\t\t\t\t\t<\/div>\n\t\t\t\t<\/div>\n\t\t\t\t\t<\/div>\n\t\t\t\t<\/div>\n\t\t\t\t\t<\/div>\n\t\t\t\t<\/div>\n\t\t\t\t<\/div>","protected":false},"excerpt":{"rendered":"<p>ISR | Recon About ISR | Recon Drones for the Victory Work with our network to ramp up supplies of the main types of battlefield-ready drones https:\/\/defensetechforukraine.org\/wp-content\/uploads\/2024\/09\/ISR_video_01.mp4 Military drones can be separated into two types:\u00a0 Large, expensive drones typically provided by governments and militaries. This category includes all fixed-wing drones and those with built-in weapons-delivery [&hellip;]<\/p>\n","protected":false},"author":4,"featured_media":0,"parent":0,"menu_order":0,"comment_status":"closed","ping_status":"closed","template":"","meta":{"_acf_changed":false,"footnotes":""},"class_list":["post-518","page","type-page","status-publish","hentry"],"acf":[],"_links":{"self":[{"href":"https:\/\/defensetechforukraine.org\/es\/wp-json\/wp\/v2\/pages\/518","targetHints":{"allow":["GET"]}}],"collection":[{"href":"https:\/\/defensetechforukraine.org\/es\/wp-json\/wp\/v2\/pages"}],"about":[{"href":"https:\/\/defensetechforukraine.org\/es\/wp-json\/wp\/v2\/types\/page"}],"author":[{"embeddable":true,"href":"https:\/\/defensetechforukraine.org\/es\/wp-json\/wp\/v2\/users\/4"}],"replies":[{"embeddable":true,"href":"https:\/\/defensetechforukraine.org\/es\/wp-json\/wp\/v2\/comments?post=518"}],"version-history":[{"count":0,"href":"https:\/\/defensetechforukraine.org\/es\/wp-json\/wp\/v2\/pages\/518\/revisions"}],"wp:attachment":[{"href":"https:\/\/defensetechforukraine.org\/es\/wp-json\/wp\/v2\/media?parent=518"}],"curies":[{"name":"gracias","href":"https:\/\/api.w.org\/{rel}","templated":true}]}}