{"id":190,"date":"2024-09-17T17:34:43","date_gmt":"2024-09-17T17:34:43","guid":{"rendered":"https:\/\/defensetechforukraine.org\/?page_id=190"},"modified":"2026-03-28T12:39:18","modified_gmt":"2026-03-28T12:39:18","slug":"drones","status":"publish","type":"page","link":"https:\/\/defensetechforukraine.org\/es\/drones\/","title":{"rendered":"Drones"},"content":{"rendered":"<div data-elementor-type=\"wp-page\" data-elementor-id=\"190\" class=\"elementor elementor-190\" data-elementor-post-type=\"page\">\n\t\t\t\t\t\t<section class=\"elementor-section elementor-top-section elementor-element elementor-element-08b07f3 elementor-section-full_width elementor-section-height-default elementor-section-height-default\" data-id=\"08b07f3\" data-element_type=\"section\" data-e-type=\"section\" data-settings=\"{&quot;background_background&quot;:&quot;classic&quot;}\">\n\t\t\t\t\t\t\t<div class=\"elementor-background-overlay\"><\/div>\n\t\t\t\t\t\t\t<div class=\"elementor-container elementor-column-gap-no\">\n\t\t\t\t\t<div class=\"elementor-column elementor-col-100 elementor-top-column elementor-element elementor-element-4e501ff\" data-id=\"4e501ff\" data-element_type=\"column\" data-e-type=\"column\">\n\t\t\t<div class=\"elementor-widget-wrap elementor-element-populated\">\n\t\t\t\t\t\t<div class=\"elementor-element elementor-element-8d12a39 elementor-widget elementor-widget-heading\" data-id=\"8d12a39\" data-element_type=\"widget\" data-e-type=\"widget\" data-widget_type=\"heading.default\">\n\t\t\t\t<div class=\"elementor-widget-container\">\n\t\t\t\t\t<h1 class=\"elementor-heading-title elementor-size-default\">Drones para Ucrania <\/h1>\t\t\t\t<\/div>\n\t\t\t\t<\/div>\n\t\t\t\t<div class=\"elementor-element elementor-element-7afbd97 elementor-widget__width-auto bread_01 elementor-widget elementor-widget-shortcode\" data-id=\"7afbd97\" data-element_type=\"widget\" data-e-type=\"widget\" data-widget_type=\"shortcode.default\">\n\t\t\t\t<div class=\"elementor-widget-container\">\n\t\t\t\t\t\t\t<div class=\"elementor-shortcode\">\t\t\t<!-- Flexy Breadcrumb -->\r\n\t\t\t<div class=\"fbc fbc-page\">\r\n\r\n\t\t\t\t<!-- Breadcrumb wrapper -->\r\n\t\t\t\t<div class=\"fbc-wrap\">\r\n\r\n\t\t\t\t\t<!-- Ordered list-->\r\n\t\t\t\t\t<ol class=\"fbc-items\" itemscope itemtype=\"https:\/\/schema.org\/BreadcrumbList\">\r\n\t\t\t\t\t\t            <li itemprop=\"itemListElement\" itemscope itemtype=\"https:\/\/schema.org\/ListItem\">\r\n                <span itemprop=\"name\">\r\n                    <!-- Home Link -->\r\n                    <a itemprop=\"item\" href=\"https:\/\/defensetechforukraine.org\/es\/\">\r\n                    \r\n                                                    <i class=\"fa fa-home\" aria-hidden=\"true\"><\/i>Hogar                    <\/a>\r\n                <\/span>\r\n                <meta itemprop=\"position\" content=\"1\" \/><!-- Meta Position-->\r\n             <\/li><li><span class=\"fbc-separator\">\/<\/span><\/li><li class=\"active\" itemprop=\"itemListElement\" itemscope itemtype=\"https:\/\/schema.org\/ListItem\"><span itemprop=\"name\" title=\"Drones\">Drones<\/span><meta itemprop=\"position\" content=\"2\" \/><\/li>\t\t\t\t\t<\/ol>\r\n\t\t\t\t\t<div class=\"clearfix\"><\/div>\r\n\t\t\t\t<\/div>\r\n\t\t\t<\/div>\r\n\t\t\t<\/div>\n\t\t\t\t\t\t<\/div>\n\t\t\t\t<\/div>\n\t\t\t\t\t<\/div>\n\t\t<\/div>\n\t\t\t\t\t<\/div>\n\t\t<\/section>\n\t\t\t\t<section class=\"elementor-section elementor-top-section elementor-element elementor-element-d00eb95 elementor-section-boxed elementor-section-height-default elementor-section-height-default\" data-id=\"d00eb95\" data-element_type=\"section\" data-e-type=\"section\" data-settings=\"{&quot;background_background&quot;:&quot;classic&quot;}\">\n\t\t\t\t\t\t<div class=\"elementor-container elementor-column-gap-default\">\n\t\t\t\t\t<div class=\"elementor-column elementor-col-100 elementor-top-column elementor-element elementor-element-b3e88e7\" data-id=\"b3e88e7\" data-element_type=\"column\" data-e-type=\"column\">\n\t\t\t<div class=\"elementor-widget-wrap elementor-element-populated\">\n\t\t\t\t\t\t<section class=\"elementor-section elementor-inner-section elementor-element elementor-element-eb61751 elementor-section-boxed elementor-section-height-default elementor-section-height-default\" data-id=\"eb61751\" data-element_type=\"section\" data-e-type=\"section\">\n\t\t\t\t\t\t<div class=\"elementor-container elementor-column-gap-default\">\n\t\t\t\t\t<div class=\"elementor-column elementor-col-50 elementor-inner-column elementor-element elementor-element-fbf3bb4\" data-id=\"fbf3bb4\" data-element_type=\"column\" data-e-type=\"column\">\n\t\t\t<div class=\"elementor-widget-wrap elementor-element-populated\">\n\t\t\t\t\t\t<div class=\"elementor-element elementor-element-b8b0c24 elementor-widget elementor-widget-heading\" data-id=\"b8b0c24\" data-element_type=\"widget\" data-e-type=\"widget\" data-widget_type=\"heading.default\">\n\t\t\t\t<div class=\"elementor-widget-container\">\n\t\t\t\t\t<h2 class=\"elementor-heading-title elementor-size-default\">Drones para la victoria\n<\/h2>\t\t\t\t<\/div>\n\t\t\t\t<\/div>\n\t\t\t\t<div class=\"elementor-element elementor-element-2db7dde elementor-widget__width-auto elementor-absolute elementor-widget elementor-widget-image\" data-id=\"2db7dde\" data-element_type=\"widget\" data-e-type=\"widget\" data-settings=\"{&quot;_position&quot;:&quot;absolute&quot;}\" data-widget_type=\"image.default\">\n\t\t\t\t<div class=\"elementor-widget-container\">\n\t\t\t\t\t\t\t\t\t\t\t\t\t\t\t<img fetchpriority=\"high\" decoding=\"async\" width=\"335\" height=\"360\" src=\"https:\/\/defensetechforukraine.org\/wp-content\/uploads\/2024\/09\/element-blur-3.png\" class=\"attachment-large size-large wp-image-32\" alt=\"\" srcset=\"https:\/\/defensetechforukraine.org\/wp-content\/uploads\/2024\/09\/element-blur-3.png 335w, https:\/\/defensetechforukraine.org\/wp-content\/uploads\/2024\/09\/element-blur-3-279x300.png 279w\" sizes=\"(max-width: 335px) 100vw, 335px\" \/>\t\t\t\t\t\t\t\t\t\t\t\t\t\t\t<\/div>\n\t\t\t\t<\/div>\n\t\t\t\t\t<\/div>\n\t\t<\/div>\n\t\t\t\t<div class=\"elementor-column elementor-col-50 elementor-inner-column elementor-element elementor-element-cd9e20b\" data-id=\"cd9e20b\" data-element_type=\"column\" data-e-type=\"column\">\n\t\t\t<div class=\"elementor-widget-wrap elementor-element-populated\">\n\t\t\t\t\t\t<div class=\"elementor-element elementor-element-9186f6e elementor-widget elementor-widget-text-editor\" data-id=\"9186f6e\" data-element_type=\"widget\" data-e-type=\"widget\" data-widget_type=\"text-editor.default\">\n\t\t\t\t<div class=\"elementor-widget-container\">\n\t\t\t\t\t\t\t\t\t<p class=\"p1\">Trabaje con nuestra red para aumentar los suministros de los principales tipos de drones listos para el campo de batalla.<\/p>\t\t\t\t\t\t\t\t<\/div>\n\t\t\t\t<\/div>\n\t\t\t\t\t<\/div>\n\t\t<\/div>\n\t\t\t\t\t<\/div>\n\t\t<\/section>\n\t\t\t\t<div class=\"elementor-element elementor-element-4427363 elementor-widget elementor-widget-spacer\" data-id=\"4427363\" data-element_type=\"widget\" data-e-type=\"widget\" data-widget_type=\"spacer.default\">\n\t\t\t\t<div class=\"elementor-widget-container\">\n\t\t\t\t\t\t\t<div class=\"elementor-spacer\">\n\t\t\t<div class=\"elementor-spacer-inner\"><\/div>\n\t\t<\/div>\n\t\t\t\t\t\t<\/div>\n\t\t\t\t<\/div>\n\t\t\t\t<section class=\"elementor-section elementor-inner-section elementor-element elementor-element-0ad5bdb elementor-section-boxed elementor-section-height-default elementor-section-height-default elementor-invisible\" data-id=\"0ad5bdb\" data-element_type=\"section\" data-e-type=\"section\" data-settings=\"{&quot;animation&quot;:&quot;fadeInUp&quot;}\">\n\t\t\t\t\t\t<div class=\"elementor-container elementor-column-gap-default\">\n\t\t\t\t\t<div class=\"elementor-column elementor-col-33 elementor-inner-column elementor-element elementor-element-b23f7ff\" data-id=\"b23f7ff\" data-element_type=\"column\" data-e-type=\"column\">\n\t\t\t<div class=\"elementor-widget-wrap elementor-element-populated\">\n\t\t\t\t\t\t<div class=\"elementor-element elementor-element-ce3cf2e elementor-flip-box--effect-fade elementor-widget elementor-widget-flip-box\" data-id=\"ce3cf2e\" data-element_type=\"widget\" data-e-type=\"widget\" data-widget_type=\"flip-box.default\">\n\t\t\t\t<div class=\"elementor-widget-container\">\n\t\t\t\t\t\t\t<div class=\"elementor-flip-box\" tabindex=\"0\">\n\t\t\t<div class=\"elementor-flip-box__layer elementor-flip-box__front\">\n\t\t\t\t<div class=\"elementor-flip-box__layer__overlay\">\n\t\t\t\t\t<div class=\"elementor-flip-box__layer__inner\">\n\t\t\t\t\t\t\n\t\t\t\t\t\t\n\t\t\t\t\t\t\t\t\t\t\t<\/div>\n\t\t\t\t<\/div>\n\t\t\t<\/div>\n\t\t\t<div class=\"elementor-flip-box__layer elementor-flip-box__back\">\n\t\t\t<div class=\"elementor-flip-box__layer__overlay\">\n\t\t\t\t<div class=\"elementor-flip-box__layer__inner\">\n\t\t\t\t\t\t\t\t\t\t\t<h3 class=\"elementor-flip-box__layer__title\">\n\t\t\t\t\t\t\tDrones ISR\/Reconocimiento\t\t\t\t\t\t<\/h3>\n\t\t\t\t\t\n\t\t\t\t\t\t\t\t\t\t\t<div class=\"elementor-flip-box__layer__description\">\n\t\t\t\t\t\t\tLos drones de Inteligencia, Vigilancia y Reconocimiento (ISR) desempe\u00f1an un papel crucial en el conflicto actual con Rusia. Las fuerzas ucranianas utilizan estos drones para rastrear los movimientos del enemigo, identificar objetivos clave y coordinar ataques de artiller\u00eda precisos sin poner en riesgo la vida de los soldados. Los drones proporcionan un conocimiento situacional crucial en zonas de combate, lo que supone una ventaja significativa en un entorno donde el reconocimiento convencional puede ser peligroso. El uso generalizado de drones ISR ha transformado la estrategia militar de Ucrania.\t\t\t\t\t\t<\/div>\n\t\t\t\t\t\n\t\t\t\t\t\t\t\t<\/div>\n\t\t<\/div>\n\t\t<\/div>\n\t\t<\/div>\n\t\t\t\t\t\t<\/div>\n\t\t\t\t<\/div>\n\t\t\t\t\t<\/div>\n\t\t<\/div>\n\t\t\t\t<div class=\"elementor-column elementor-col-33 elementor-inner-column elementor-element elementor-element-8d81f93\" data-id=\"8d81f93\" data-element_type=\"column\" data-e-type=\"column\">\n\t\t\t<div class=\"elementor-widget-wrap elementor-element-populated\">\n\t\t\t\t\t\t<div class=\"elementor-element elementor-element-eb61f1c elementor-flip-box--effect-fade elementor-widget elementor-widget-flip-box\" data-id=\"eb61f1c\" data-element_type=\"widget\" data-e-type=\"widget\" data-widget_type=\"flip-box.default\">\n\t\t\t\t<div class=\"elementor-widget-container\">\n\t\t\t\t\t\t\t<div class=\"elementor-flip-box\" tabindex=\"0\">\n\t\t\t<div class=\"elementor-flip-box__layer elementor-flip-box__front\">\n\t\t\t\t<div class=\"elementor-flip-box__layer__overlay\">\n\t\t\t\t\t<div class=\"elementor-flip-box__layer__inner\">\n\t\t\t\t\t\t\n\t\t\t\t\t\t\n\t\t\t\t\t\t\t\t\t\t\t<\/div>\n\t\t\t\t<\/div>\n\t\t\t<\/div>\n\t\t\t<div class=\"elementor-flip-box__layer elementor-flip-box__back\">\n\t\t\t<div class=\"elementor-flip-box__layer__overlay\">\n\t\t\t\t<div class=\"elementor-flip-box__layer__inner\">\n\t\t\t\t\t\t\t\t\t\t\t<h3 class=\"elementor-flip-box__layer__title\">\n\t\t\t\t\t\t\tDrones bombarderos\t\t\t\t\t\t<\/h3>\n\t\t\t\t\t\n\t\t\t\t\t\t\t\t\t\t\t<div class=\"elementor-flip-box__layer__description\">\n\t\t\t\t\t\t\tLos drones bombarderos han desempe\u00f1ado un papel crucial en la estrategia de defensa de Ucrania, permitiendo al ej\u00e9rcito realizar ataques de precisi\u00f3n contra las fuerzas rusas. Estos drones, equipados con cargas explosivas, pueden alcanzar posiciones, veh\u00edculos e infraestructuras enemigas con gran precisi\u00f3n, reduciendo la necesidad de aeronaves tripuladas en zonas de combate peligrosas. Las fuerzas ucranianas han utilizado drones bombarderos con eficacia tanto en operaciones ofensivas como defensivas, especialmente en zonas de dif\u00edcil acceso donde la artiller\u00eda convencional puede tener dificultades. Los drones tambi\u00e9n proporcionan un medio rentable para desplegar una potencia de fuego significativa, ayudando a Ucrania a contrarrestar al ej\u00e9rcito ruso, m\u00e1s numeroso y mejor equipado. Su uso ha sido revolucionario, permitiendo ataques r\u00e1pidos y flexibles con un riesgo m\u00ednimo para los soldados ucranianos.\t\t\t\t\t\t<\/div>\n\t\t\t\t\t\n\t\t\t\t\t\t\t\t<\/div>\n\t\t<\/div>\n\t\t<\/div>\n\t\t<\/div>\n\t\t\t\t\t\t<\/div>\n\t\t\t\t<\/div>\n\t\t\t\t\t<\/div>\n\t\t<\/div>\n\t\t\t\t<div class=\"elementor-column elementor-col-33 elementor-inner-column elementor-element elementor-element-58a98b4\" data-id=\"58a98b4\" data-element_type=\"column\" data-e-type=\"column\">\n\t\t\t<div class=\"elementor-widget-wrap elementor-element-populated\">\n\t\t\t\t\t\t<div class=\"elementor-element elementor-element-7303fd4 elementor-flip-box--effect-fade elementor-widget elementor-widget-flip-box\" data-id=\"7303fd4\" data-element_type=\"widget\" data-e-type=\"widget\" data-widget_type=\"flip-box.default\">\n\t\t\t\t<div class=\"elementor-widget-container\">\n\t\t\t\t\t\t\t<div class=\"elementor-flip-box\" tabindex=\"0\">\n\t\t\t<div class=\"elementor-flip-box__layer elementor-flip-box__front\">\n\t\t\t\t<div class=\"elementor-flip-box__layer__overlay\">\n\t\t\t\t\t<div class=\"elementor-flip-box__layer__inner\">\n\t\t\t\t\t\t\n\t\t\t\t\t\t\n\t\t\t\t\t\t\t\t\t\t\t<\/div>\n\t\t\t\t<\/div>\n\t\t\t<\/div>\n\t\t\t<div class=\"elementor-flip-box__layer elementor-flip-box__back\">\n\t\t\t<div class=\"elementor-flip-box__layer__overlay\">\n\t\t\t\t<div class=\"elementor-flip-box__layer__inner\">\n\t\t\t\t\t\t\t\t\t\t\t<h3 class=\"elementor-flip-box__layer__title\">\n\t\t\t\t\t\t\tDrones FPV\t\t\t\t\t\t<\/h3>\n\t\t\t\t\t\n\t\t\t\t\t\t\t\t\t\t\t<div class=\"elementor-flip-box__layer__description\">\n\t\t\t\t\t\t\tLos drones suicidas FPV (Vista en Primera Persona) han revolucionado la guerra. Estos drones, pilotados remotamente mediante transmisiones de video en tiempo real, est\u00e1n dise\u00f1ados para lanzar cargas explosivas directamente a objetivos enemigos. Son particularmente efectivos contra veh\u00edculos blindados, fortificaciones y objetivos de alto valor, ofreciendo una herramienta econ\u00f3mica pero devastadora para las fuerzas ucranianas. Su uso generalizado ha permitido a Ucrania interrumpir las operaciones rusas, minimizando al mismo tiempo el riesgo para sus propias tropas.\n\t\t\t\t\t\t<\/div>\n\t\t\t\t\t\n\t\t\t\t\t\t\t\t<\/div>\n\t\t<\/div>\n\t\t<\/div>\n\t\t<\/div>\n\t\t\t\t\t\t<\/div>\n\t\t\t\t<\/div>\n\t\t\t\t\t<\/div>\n\t\t<\/div>\n\t\t\t\t\t<\/div>\n\t\t<\/section>\n\t\t\t\t\t<\/div>\n\t\t<\/div>\n\t\t\t\t\t<\/div>\n\t\t<\/section>\n\t\t<div class=\"elementor-element elementor-element-952858a e-flex e-con-boxed e-con e-parent\" data-id=\"952858a\" data-element_type=\"container\" data-e-type=\"container\">\n\t\t\t\t\t<div class=\"e-con-inner\">\n\t\t<div class=\"elementor-element elementor-element-d856770 e-con-full e-flex e-con e-child\" data-id=\"d856770\" data-element_type=\"container\" data-e-type=\"container\">\n\t\t\t\t<div class=\"elementor-element elementor-element-fc1fa8d elementor-widget__width-auto elementor-absolute elementor-widget elementor-widget-image\" data-id=\"fc1fa8d\" data-element_type=\"widget\" data-e-type=\"widget\" data-settings=\"{&quot;_position&quot;:&quot;absolute&quot;}\" data-widget_type=\"image.default\">\n\t\t\t\t<div class=\"elementor-widget-container\">\n\t\t\t\t\t\t\t\t\t\t\t\t\t\t\t<img decoding=\"async\" width=\"360\" height=\"360\" src=\"https:\/\/defensetechforukraine.org\/wp-content\/uploads\/2024\/09\/element-blur-2.png\" class=\"attachment-large size-large wp-image-22\" alt=\"\" srcset=\"https:\/\/defensetechforukraine.org\/wp-content\/uploads\/2024\/09\/element-blur-2.png 360w, https:\/\/defensetechforukraine.org\/wp-content\/uploads\/2024\/09\/element-blur-2-300x300.png 300w, https:\/\/defensetechforukraine.org\/wp-content\/uploads\/2024\/09\/element-blur-2-150x150.png 150w\" sizes=\"(max-width: 360px) 100vw, 360px\" \/>\t\t\t\t\t\t\t\t\t\t\t\t\t\t\t<\/div>\n\t\t\t\t<\/div>\n\t\t\t\t<div class=\"elementor-element elementor-element-023fcae elementor-widget elementor-widget-heading\" data-id=\"023fcae\" data-element_type=\"widget\" data-e-type=\"widget\" data-widget_type=\"heading.default\">\n\t\t\t\t<div class=\"elementor-widget-container\">\n\t\t\t\t\t<h6 class=\"elementor-heading-title elementor-size-default\">Tecnolog\u00eda de Defensa para Ucrania (DTU)<\/h6>\t\t\t\t<\/div>\n\t\t\t\t<\/div>\n\t\t\t\t<div class=\"elementor-element elementor-element-e2ad0e0 elementor-widget elementor-widget-heading\" data-id=\"e2ad0e0\" data-element_type=\"widget\" data-e-type=\"widget\" data-widget_type=\"heading.default\">\n\t\t\t\t<div class=\"elementor-widget-container\">\n\t\t\t\t\t<h2 class=\"elementor-heading-title elementor-size-default\">\u00danase a nosotros para ayudar al ej\u00e9rcito ucraniano a salvar vidas y proteger la libertad.<\/h2>\t\t\t\t<\/div>\n\t\t\t\t<\/div>\n\t\t\t\t<div class=\"elementor-element elementor-element-89c9ead elementor-widget elementor-widget-text-editor\" data-id=\"89c9ead\" data-element_type=\"widget\" data-e-type=\"widget\" data-widget_type=\"text-editor.default\">\n\t\t\t\t<div class=\"elementor-widget-container\">\n\t\t\t\t\t\t\t\t\t<p><span style=\"font-weight: 400;\">Defense Tech for Ukraine capacita a voluntarios internacionales para ayudar a Ucrania desde cualquier lugar. Participa para estar del lado correcto de la historia.<\/span><\/p>\t\t\t\t\t\t\t\t<\/div>\n\t\t\t\t<\/div>\n\t\t\t\t<div class=\"elementor-element elementor-element-fa77a23 elementor-mobile-align-justify elementor-widget elementor-widget-button\" data-id=\"fa77a23\" data-element_type=\"widget\" data-e-type=\"widget\" data-widget_type=\"button.default\">\n\t\t\t\t<div class=\"elementor-widget-container\">\n\t\t\t\t\t\t\t\t\t<div class=\"elementor-button-wrapper\">\n\t\t\t\t\t<a class=\"elementor-button elementor-button-link elementor-size-sm\" href=\"\/es\/sign-up-to-volunteer\/\">\n\t\t\t\t\t\t<span class=\"elementor-button-content-wrapper\">\n\t\t\t\t\t\t\t\t\t<span class=\"elementor-button-text\">Empezar<\/span>\n\t\t\t\t\t<\/span>\n\t\t\t\t\t<\/a>\n\t\t\t\t<\/div>\n\t\t\t\t\t\t\t\t<\/div>\n\t\t\t\t<\/div>\n\t\t\t\t<\/div>\n\t\t<div class=\"elementor-element elementor-element-ebffe94 e-con-full e-flex e-con e-child\" data-id=\"ebffe94\" data-element_type=\"container\" data-e-type=\"container\">\n\t\t\t\t<div class=\"elementor-element elementor-element-9a11f3e elementor-widget elementor-widget-image\" data-id=\"9a11f3e\" data-element_type=\"widget\" data-e-type=\"widget\" data-widget_type=\"image.default\">\n\t\t\t\t<div class=\"elementor-widget-container\">\n\t\t\t\t\t\t\t\t\t\t\t\t\t\t\t<img decoding=\"async\" width=\"1707\" height=\"2560\" src=\"https:\/\/defensetechforukraine.org\/wp-content\/uploads\/2024\/09\/photo-Vadym-Pliashechko-_-State-Border-Guard-Service-of-Ukraine-_-the-Collection-of-war.ukraine.ua_-scaled.webp\" class=\"attachment-full size-full wp-image-1062\" alt=\"\" srcset=\"https:\/\/defensetechforukraine.org\/wp-content\/uploads\/2024\/09\/photo-Vadym-Pliashechko-_-State-Border-Guard-Service-of-Ukraine-_-the-Collection-of-war.ukraine.ua_-scaled.webp 1707w, https:\/\/defensetechforukraine.org\/wp-content\/uploads\/2024\/09\/photo-Vadym-Pliashechko-_-State-Border-Guard-Service-of-Ukraine-_-the-Collection-of-war.ukraine.ua_-200x300.webp 200w, https:\/\/defensetechforukraine.org\/wp-content\/uploads\/2024\/09\/photo-Vadym-Pliashechko-_-State-Border-Guard-Service-of-Ukraine-_-the-Collection-of-war.ukraine.ua_-683x1024.webp 683w, https:\/\/defensetechforukraine.org\/wp-content\/uploads\/2024\/09\/photo-Vadym-Pliashechko-_-State-Border-Guard-Service-of-Ukraine-_-the-Collection-of-war.ukraine.ua_-768x1152.webp 768w, https:\/\/defensetechforukraine.org\/wp-content\/uploads\/2024\/09\/photo-Vadym-Pliashechko-_-State-Border-Guard-Service-of-Ukraine-_-the-Collection-of-war.ukraine.ua_-1024x1536.webp 1024w, https:\/\/defensetechforukraine.org\/wp-content\/uploads\/2024\/09\/photo-Vadym-Pliashechko-_-State-Border-Guard-Service-of-Ukraine-_-the-Collection-of-war.ukraine.ua_-1365x2048.webp 1365w\" sizes=\"(max-width: 1707px) 100vw, 1707px\" \/>\t\t\t\t\t\t\t\t\t\t\t\t\t\t\t<\/div>\n\t\t\t\t<\/div>\n\t\t\t\t<\/div>\n\t\t\t\t\t<\/div>\n\t\t\t\t<\/div>\n\t\t<div class=\"elementor-element elementor-element-b46cd4b e-con-full e-flex e-con e-parent\" data-id=\"b46cd4b\" data-element_type=\"container\" data-e-type=\"container\" data-settings=\"{&quot;background_background&quot;:&quot;classic&quot;}\">\n\t\t<div class=\"elementor-element elementor-element-1dfe0e8 e-flex e-con-boxed e-con e-child\" data-id=\"1dfe0e8\" data-element_type=\"container\" data-e-type=\"container\">\n\t\t\t\t\t<div class=\"e-con-inner\">\n\t\t\t\t<div class=\"elementor-element elementor-element-c06a0ae elementor-widget__width-initial elementor-widget elementor-widget-heading\" data-id=\"c06a0ae\" data-element_type=\"widget\" data-e-type=\"widget\" data-widget_type=\"heading.default\">\n\t\t\t\t<div class=\"elementor-widget-container\">\n\t\t\t\t\t<div class=\"elementor-heading-title elementor-size-default\">Para obtener instrucciones detalladas sobre c\u00f3mo comprar un dron, siga el enlace haciendo clic en la imagen.<\/div>\t\t\t\t<\/div>\n\t\t\t\t<\/div>\n\t\t\t\t<div class=\"elementor-element elementor-element-71fcb64 elementor-widget elementor-widget-image\" data-id=\"71fcb64\" data-element_type=\"widget\" data-e-type=\"widget\" data-widget_type=\"image.default\">\n\t\t\t\t<div class=\"elementor-widget-container\">\n\t\t\t\t\t\t\t\t\t\t\t\t\t\t\t\t<a href=\"https:\/\/defensetechforukraine.org\/wp-content\/uploads\/2025\/01\/How-to-buy-drones-for-Ukraine.pdf\" target=\"_blank\">\n\t\t\t\t\t\t\t<img loading=\"lazy\" decoding=\"async\" width=\"1920\" height=\"350\" src=\"https:\/\/defensetechforukraine.org\/wp-content\/uploads\/2025\/12\/image_11_ES_version.webp\" class=\"attachment-full size-full wp-image-953\" alt=\"\" srcset=\"https:\/\/defensetechforukraine.org\/wp-content\/uploads\/2025\/12\/image_11_ES_version.webp 960w, https:\/\/defensetechforukraine.org\/wp-content\/uploads\/2025\/12\/image_11_ES_version-300x55.webp 300w, https:\/\/defensetechforukraine.org\/wp-content\/uploads\/2025\/12\/image_11_ES_version-768x140.webp 768w, https:\/\/defensetechforukraine.org\/wp-content\/uploads\/2025\/12\/image_11_ES_version-18x3.webp 18w\" sizes=\"(max-width: 1920px) 100vw, 1920px\" \/>\t\t\t\t\t\t\t\t<\/a>\n\t\t\t\t\t\t\t\t\t\t\t\t\t\t\t<\/div>\n\t\t\t\t<\/div>\n\t\t\t\t\t<\/div>\n\t\t\t\t<\/div>\n\t\t\t\t<\/div>\n\t\t\t\t<\/div>","protected":false},"excerpt":{"rendered":"<p>Drones for Ukraine Drones for the Victory Work with our network to ramp up supplies of the main types of battlefield-ready drones ISR\/Recon Drones Intelligence, Surveillance, and Reconnaissance (ISR) drones play a critical role in the ongoing conflict with Russia. Ukrainian forces use these drones to track enemy movements, identify key targets, and coordinate precise [&hellip;]<\/p>\n","protected":false},"author":2,"featured_media":0,"parent":0,"menu_order":0,"comment_status":"closed","ping_status":"closed","template":"","meta":{"_acf_changed":false,"footnotes":""},"class_list":["post-190","page","type-page","status-publish","hentry"],"acf":[],"_links":{"self":[{"href":"https:\/\/defensetechforukraine.org\/es\/wp-json\/wp\/v2\/pages\/190","targetHints":{"allow":["GET"]}}],"collection":[{"href":"https:\/\/defensetechforukraine.org\/es\/wp-json\/wp\/v2\/pages"}],"about":[{"href":"https:\/\/defensetechforukraine.org\/es\/wp-json\/wp\/v2\/types\/page"}],"author":[{"embeddable":true,"href":"https:\/\/defensetechforukraine.org\/es\/wp-json\/wp\/v2\/users\/2"}],"replies":[{"embeddable":true,"href":"https:\/\/defensetechforukraine.org\/es\/wp-json\/wp\/v2\/comments?post=190"}],"version-history":[{"count":27,"href":"https:\/\/defensetechforukraine.org\/es\/wp-json\/wp\/v2\/pages\/190\/revisions"}],"predecessor-version":[{"id":5401,"href":"https:\/\/defensetechforukraine.org\/es\/wp-json\/wp\/v2\/pages\/190\/revisions\/5401"}],"wp:attachment":[{"href":"https:\/\/defensetechforukraine.org\/es\/wp-json\/wp\/v2\/media?parent=190"}],"curies":[{"name":"gracias","href":"https:\/\/api.w.org\/{rel}","templated":true}]}}