{"id":190,"date":"2024-09-17T17:34:43","date_gmt":"2024-09-17T17:34:43","guid":{"rendered":"https:\/\/defensetechforukraine.org\/?page_id=190"},"modified":"2026-03-28T12:39:18","modified_gmt":"2026-03-28T12:39:18","slug":"drones","status":"publish","type":"page","link":"https:\/\/defensetechforukraine.org\/de\/drones\/","title":{"rendered":"Drohnen"},"content":{"rendered":"<div data-elementor-type=\"wp-page\" data-elementor-id=\"190\" class=\"elementor elementor-190\" data-elementor-post-type=\"page\">\n\t\t\t\t\t\t<section class=\"elementor-section elementor-top-section elementor-element elementor-element-08b07f3 elementor-section-full_width elementor-section-height-default elementor-section-height-default\" data-id=\"08b07f3\" data-element_type=\"section\" data-e-type=\"section\" data-settings=\"{&quot;background_background&quot;:&quot;classic&quot;}\">\n\t\t\t\t\t\t\t<div class=\"elementor-background-overlay\"><\/div>\n\t\t\t\t\t\t\t<div class=\"elementor-container elementor-column-gap-no\">\n\t\t\t\t\t<div class=\"elementor-column elementor-col-100 elementor-top-column elementor-element elementor-element-4e501ff\" data-id=\"4e501ff\" data-element_type=\"column\" data-e-type=\"column\">\n\t\t\t<div class=\"elementor-widget-wrap elementor-element-populated\">\n\t\t\t\t\t\t<div class=\"elementor-element elementor-element-8d12a39 elementor-widget elementor-widget-heading\" data-id=\"8d12a39\" data-element_type=\"widget\" data-e-type=\"widget\" data-widget_type=\"heading.default\">\n\t\t\t\t<div class=\"elementor-widget-container\">\n\t\t\t\t\t<h1 class=\"elementor-heading-title elementor-size-default\">Drohnen f\u00fcr die Ukraine <\/h1>\t\t\t\t<\/div>\n\t\t\t\t<\/div>\n\t\t\t\t<div class=\"elementor-element elementor-element-7afbd97 elementor-widget__width-auto bread_01 elementor-widget elementor-widget-shortcode\" data-id=\"7afbd97\" data-element_type=\"widget\" data-e-type=\"widget\" data-widget_type=\"shortcode.default\">\n\t\t\t\t<div class=\"elementor-widget-container\">\n\t\t\t\t\t\t\t<div class=\"elementor-shortcode\">\t\t\t<!-- Flexy Breadcrumb -->\r\n\t\t\t<div class=\"fbc fbc-page\">\r\n\r\n\t\t\t\t<!-- Breadcrumb wrapper -->\r\n\t\t\t\t<div class=\"fbc-wrap\">\r\n\r\n\t\t\t\t\t<!-- Ordered list-->\r\n\t\t\t\t\t<ol class=\"fbc-items\" itemscope itemtype=\"https:\/\/schema.org\/BreadcrumbList\">\r\n\t\t\t\t\t\t            <li itemprop=\"itemListElement\" itemscope itemtype=\"https:\/\/schema.org\/ListItem\">\r\n                <span itemprop=\"name\">\r\n                    <!-- Home Link -->\r\n                    <a itemprop=\"item\" href=\"https:\/\/defensetechforukraine.org\/de\/\">\r\n                    \r\n                                                    <i class=\"fa fa-home\" aria-hidden=\"true\"><\/i>Heim                    <\/a>\r\n                <\/span>\r\n                <meta itemprop=\"position\" content=\"1\" \/><!-- Meta Position-->\r\n             <\/li><li><span class=\"fbc-separator\">\/<\/span><\/li><li class=\"active\" itemprop=\"itemListElement\" itemscope itemtype=\"https:\/\/schema.org\/ListItem\"><span itemprop=\"name\" title=\"Drohnen\">Drohnen<\/span><meta itemprop=\"position\" content=\"2\" \/><\/li>\t\t\t\t\t<\/ol>\r\n\t\t\t\t\t<div class=\"clearfix\"><\/div>\r\n\t\t\t\t<\/div>\r\n\t\t\t<\/div>\r\n\t\t\t<\/div>\n\t\t\t\t\t\t<\/div>\n\t\t\t\t<\/div>\n\t\t\t\t\t<\/div>\n\t\t<\/div>\n\t\t\t\t\t<\/div>\n\t\t<\/section>\n\t\t\t\t<section class=\"elementor-section elementor-top-section elementor-element elementor-element-d00eb95 elementor-section-boxed elementor-section-height-default elementor-section-height-default\" data-id=\"d00eb95\" data-element_type=\"section\" data-e-type=\"section\" data-settings=\"{&quot;background_background&quot;:&quot;classic&quot;}\">\n\t\t\t\t\t\t<div class=\"elementor-container elementor-column-gap-default\">\n\t\t\t\t\t<div class=\"elementor-column elementor-col-100 elementor-top-column elementor-element elementor-element-b3e88e7\" data-id=\"b3e88e7\" data-element_type=\"column\" data-e-type=\"column\">\n\t\t\t<div class=\"elementor-widget-wrap elementor-element-populated\">\n\t\t\t\t\t\t<section class=\"elementor-section elementor-inner-section elementor-element elementor-element-eb61751 elementor-section-boxed elementor-section-height-default elementor-section-height-default\" data-id=\"eb61751\" data-element_type=\"section\" data-e-type=\"section\">\n\t\t\t\t\t\t<div class=\"elementor-container elementor-column-gap-default\">\n\t\t\t\t\t<div class=\"elementor-column elementor-col-50 elementor-inner-column elementor-element elementor-element-fbf3bb4\" data-id=\"fbf3bb4\" data-element_type=\"column\" data-e-type=\"column\">\n\t\t\t<div class=\"elementor-widget-wrap elementor-element-populated\">\n\t\t\t\t\t\t<div class=\"elementor-element elementor-element-b8b0c24 elementor-widget elementor-widget-heading\" data-id=\"b8b0c24\" data-element_type=\"widget\" data-e-type=\"widget\" data-widget_type=\"heading.default\">\n\t\t\t\t<div class=\"elementor-widget-container\">\n\t\t\t\t\t<h2 class=\"elementor-heading-title elementor-size-default\">Drohnen f\u00fcr den Sieg\n<\/h2>\t\t\t\t<\/div>\n\t\t\t\t<\/div>\n\t\t\t\t<div class=\"elementor-element elementor-element-2db7dde elementor-widget__width-auto elementor-absolute elementor-widget elementor-widget-image\" data-id=\"2db7dde\" data-element_type=\"widget\" data-e-type=\"widget\" data-settings=\"{&quot;_position&quot;:&quot;absolute&quot;}\" data-widget_type=\"image.default\">\n\t\t\t\t<div class=\"elementor-widget-container\">\n\t\t\t\t\t\t\t\t\t\t\t\t\t\t\t<img fetchpriority=\"high\" decoding=\"async\" width=\"335\" height=\"360\" src=\"https:\/\/defensetechforukraine.org\/wp-content\/uploads\/2024\/09\/element-blur-3.png\" class=\"attachment-large size-large wp-image-32\" alt=\"\" srcset=\"https:\/\/defensetechforukraine.org\/wp-content\/uploads\/2024\/09\/element-blur-3.png 335w, https:\/\/defensetechforukraine.org\/wp-content\/uploads\/2024\/09\/element-blur-3-279x300.png 279w\" sizes=\"(max-width: 335px) 100vw, 335px\" \/>\t\t\t\t\t\t\t\t\t\t\t\t\t\t\t<\/div>\n\t\t\t\t<\/div>\n\t\t\t\t\t<\/div>\n\t\t<\/div>\n\t\t\t\t<div class=\"elementor-column elementor-col-50 elementor-inner-column elementor-element elementor-element-cd9e20b\" data-id=\"cd9e20b\" data-element_type=\"column\" data-e-type=\"column\">\n\t\t\t<div class=\"elementor-widget-wrap elementor-element-populated\">\n\t\t\t\t\t\t<div class=\"elementor-element elementor-element-9186f6e elementor-widget elementor-widget-text-editor\" data-id=\"9186f6e\" data-element_type=\"widget\" data-e-type=\"widget\" data-widget_type=\"text-editor.default\">\n\t\t\t\t<div class=\"elementor-widget-container\">\n\t\t\t\t\t\t\t\t\t<p class=\"p1\">Arbeiten Sie mit unserem Netzwerk zusammen, um die Versorgung mit den wichtigsten Arten kampfbereiter Drohnen zu erh\u00f6hen<\/p>\t\t\t\t\t\t\t\t<\/div>\n\t\t\t\t<\/div>\n\t\t\t\t\t<\/div>\n\t\t<\/div>\n\t\t\t\t\t<\/div>\n\t\t<\/section>\n\t\t\t\t<div class=\"elementor-element elementor-element-4427363 elementor-widget elementor-widget-spacer\" data-id=\"4427363\" data-element_type=\"widget\" data-e-type=\"widget\" data-widget_type=\"spacer.default\">\n\t\t\t\t<div class=\"elementor-widget-container\">\n\t\t\t\t\t\t\t<div class=\"elementor-spacer\">\n\t\t\t<div class=\"elementor-spacer-inner\"><\/div>\n\t\t<\/div>\n\t\t\t\t\t\t<\/div>\n\t\t\t\t<\/div>\n\t\t\t\t<section class=\"elementor-section elementor-inner-section elementor-element elementor-element-0ad5bdb elementor-section-boxed elementor-section-height-default elementor-section-height-default elementor-invisible\" data-id=\"0ad5bdb\" data-element_type=\"section\" data-e-type=\"section\" data-settings=\"{&quot;animation&quot;:&quot;fadeInUp&quot;}\">\n\t\t\t\t\t\t<div class=\"elementor-container elementor-column-gap-default\">\n\t\t\t\t\t<div class=\"elementor-column elementor-col-33 elementor-inner-column elementor-element elementor-element-b23f7ff\" data-id=\"b23f7ff\" data-element_type=\"column\" data-e-type=\"column\">\n\t\t\t<div class=\"elementor-widget-wrap elementor-element-populated\">\n\t\t\t\t\t\t<div class=\"elementor-element elementor-element-ce3cf2e elementor-flip-box--effect-fade elementor-widget elementor-widget-flip-box\" data-id=\"ce3cf2e\" data-element_type=\"widget\" data-e-type=\"widget\" data-widget_type=\"flip-box.default\">\n\t\t\t\t<div class=\"elementor-widget-container\">\n\t\t\t\t\t\t\t<div class=\"elementor-flip-box\" tabindex=\"0\">\n\t\t\t<div class=\"elementor-flip-box__layer elementor-flip-box__front\">\n\t\t\t\t<div class=\"elementor-flip-box__layer__overlay\">\n\t\t\t\t\t<div class=\"elementor-flip-box__layer__inner\">\n\t\t\t\t\t\t\n\t\t\t\t\t\t\n\t\t\t\t\t\t\t\t\t\t\t<\/div>\n\t\t\t\t<\/div>\n\t\t\t<\/div>\n\t\t\t<div class=\"elementor-flip-box__layer elementor-flip-box__back\">\n\t\t\t<div class=\"elementor-flip-box__layer__overlay\">\n\t\t\t\t<div class=\"elementor-flip-box__layer__inner\">\n\t\t\t\t\t\t\t\t\t\t\t<h3 class=\"elementor-flip-box__layer__title\">\n\t\t\t\t\t\t\tISR\/Aufkl\u00e4rungsdrohnen\t\t\t\t\t\t<\/h3>\n\t\t\t\t\t\n\t\t\t\t\t\t\t\t\t\t\t<div class=\"elementor-flip-box__layer__description\">\n\t\t\t\t\t\t\tDrohnen f\u00fcr Aufkl\u00e4rung, \u00dcberwachung und Aufkl\u00e4rung (ISR) spielen im anhaltenden Konflikt mit Russland eine entscheidende Rolle. Ukrainische Streitkr\u00e4fte nutzen diese Drohnen, um feindliche Bewegungen zu verfolgen, wichtige Ziele zu identifizieren und pr\u00e4zise Artillerieschl\u00e4ge zu koordinieren, ohne das Leben von Soldaten zu gef\u00e4hrden. Die Drohnen liefern entscheidende Lageinformationen in Kampfgebieten und bieten einen erheblichen Vorteil in einem Umfeld, in dem konventionelle Aufkl\u00e4rung gef\u00e4hrlich sein kann. Der weit verbreitete Einsatz von ISR-Drohnen hat die Milit\u00e4rstrategie der Ukraine ver\u00e4ndert.\t\t\t\t\t\t<\/div>\n\t\t\t\t\t\n\t\t\t\t\t\t\t\t<\/div>\n\t\t<\/div>\n\t\t<\/div>\n\t\t<\/div>\n\t\t\t\t\t\t<\/div>\n\t\t\t\t<\/div>\n\t\t\t\t\t<\/div>\n\t\t<\/div>\n\t\t\t\t<div class=\"elementor-column elementor-col-33 elementor-inner-column elementor-element elementor-element-8d81f93\" data-id=\"8d81f93\" data-element_type=\"column\" data-e-type=\"column\">\n\t\t\t<div class=\"elementor-widget-wrap elementor-element-populated\">\n\t\t\t\t\t\t<div class=\"elementor-element elementor-element-eb61f1c elementor-flip-box--effect-fade elementor-widget elementor-widget-flip-box\" data-id=\"eb61f1c\" data-element_type=\"widget\" data-e-type=\"widget\" data-widget_type=\"flip-box.default\">\n\t\t\t\t<div class=\"elementor-widget-container\">\n\t\t\t\t\t\t\t<div class=\"elementor-flip-box\" tabindex=\"0\">\n\t\t\t<div class=\"elementor-flip-box__layer elementor-flip-box__front\">\n\t\t\t\t<div class=\"elementor-flip-box__layer__overlay\">\n\t\t\t\t\t<div class=\"elementor-flip-box__layer__inner\">\n\t\t\t\t\t\t\n\t\t\t\t\t\t\n\t\t\t\t\t\t\t\t\t\t\t<\/div>\n\t\t\t\t<\/div>\n\t\t\t<\/div>\n\t\t\t<div class=\"elementor-flip-box__layer elementor-flip-box__back\">\n\t\t\t<div class=\"elementor-flip-box__layer__overlay\">\n\t\t\t\t<div class=\"elementor-flip-box__layer__inner\">\n\t\t\t\t\t\t\t\t\t\t\t<h3 class=\"elementor-flip-box__layer__title\">\n\t\t\t\t\t\t\tBomberdrohnen\t\t\t\t\t\t<\/h3>\n\t\t\t\t\t\n\t\t\t\t\t\t\t\t\t\t\t<div class=\"elementor-flip-box__layer__description\">\n\t\t\t\t\t\t\tBomberdrohnen spielen eine entscheidende Rolle in der ukrainischen Verteidigungsstrategie, da sie dem Milit\u00e4r Pr\u00e4zisionsschl\u00e4ge gegen russische Streitkr\u00e4fte erm\u00f6glichen. Diese mit Sprengstoff beladenen Drohnen k\u00f6nnen feindliche Stellungen, Fahrzeuge und Infrastruktur mit hoher Genauigkeit angreifen und so den Bedarf an bemannten Flugzeugen in gef\u00e4hrlichen Kampfgebieten reduzieren. Die ukrainischen Streitkr\u00e4fte setzen Bomberdrohnen erfolgreich sowohl in Angriffs- als auch in Verteidigungsoperationen ein, insbesondere in schwer zug\u00e4nglichen Gebieten, in denen konventionelle Artillerie an ihre Grenzen st\u00f6\u00dft. Die Drohnen bieten zudem eine kosteng\u00fcnstige M\u00f6glichkeit, erhebliche Feuerkraft einzusetzen und so der Ukraine im Kampf gegen das gr\u00f6\u00dfere und besser ausger\u00fcstete russische Milit\u00e4r zu helfen. Ihr Einsatz hat die Spielregeln ver\u00e4ndert und erm\u00f6glicht schnelle, flexible Angriffe bei minimalem Risiko f\u00fcr ukrainische Soldaten.\t\t\t\t\t\t<\/div>\n\t\t\t\t\t\n\t\t\t\t\t\t\t\t<\/div>\n\t\t<\/div>\n\t\t<\/div>\n\t\t<\/div>\n\t\t\t\t\t\t<\/div>\n\t\t\t\t<\/div>\n\t\t\t\t\t<\/div>\n\t\t<\/div>\n\t\t\t\t<div class=\"elementor-column elementor-col-33 elementor-inner-column elementor-element elementor-element-58a98b4\" data-id=\"58a98b4\" data-element_type=\"column\" data-e-type=\"column\">\n\t\t\t<div class=\"elementor-widget-wrap elementor-element-populated\">\n\t\t\t\t\t\t<div class=\"elementor-element elementor-element-7303fd4 elementor-flip-box--effect-fade elementor-widget elementor-widget-flip-box\" data-id=\"7303fd4\" data-element_type=\"widget\" data-e-type=\"widget\" data-widget_type=\"flip-box.default\">\n\t\t\t\t<div class=\"elementor-widget-container\">\n\t\t\t\t\t\t\t<div class=\"elementor-flip-box\" tabindex=\"0\">\n\t\t\t<div class=\"elementor-flip-box__layer elementor-flip-box__front\">\n\t\t\t\t<div class=\"elementor-flip-box__layer__overlay\">\n\t\t\t\t\t<div class=\"elementor-flip-box__layer__inner\">\n\t\t\t\t\t\t\n\t\t\t\t\t\t\n\t\t\t\t\t\t\t\t\t\t\t<\/div>\n\t\t\t\t<\/div>\n\t\t\t<\/div>\n\t\t\t<div class=\"elementor-flip-box__layer elementor-flip-box__back\">\n\t\t\t<div class=\"elementor-flip-box__layer__overlay\">\n\t\t\t\t<div class=\"elementor-flip-box__layer__inner\">\n\t\t\t\t\t\t\t\t\t\t\t<h3 class=\"elementor-flip-box__layer__title\">\n\t\t\t\t\t\t\tFPV-Drohnen\t\t\t\t\t\t<\/h3>\n\t\t\t\t\t\n\t\t\t\t\t\t\t\t\t\t\t<div class=\"elementor-flip-box__layer__description\">\n\t\t\t\t\t\t\tFPV-Selbstmorddrohnen (First-Person View) haben die Kriegsf\u00fchrung revolutioniert. Diese Drohnen, die \u00fcber Echtzeit-Video\u00fcbertragungen ferngesteuert werden, sind darauf ausgelegt, Sprengladungen direkt auf feindliche Ziele abzufeuern. Sie sind besonders effektiv gegen gepanzerte Fahrzeuge, Befestigungen und hochwertige Ziele und stellen f\u00fcr die ukrainischen Streitkr\u00e4fte ein kosteng\u00fcnstiges und dennoch verheerendes Werkzeug dar. Ihr weit verbreiteter Einsatz hat es der Ukraine erm\u00f6glicht, russische Operationen zu st\u00f6ren und gleichzeitig das Risiko f\u00fcr die eigenen Truppen zu minimieren.\n\t\t\t\t\t\t<\/div>\n\t\t\t\t\t\n\t\t\t\t\t\t\t\t<\/div>\n\t\t<\/div>\n\t\t<\/div>\n\t\t<\/div>\n\t\t\t\t\t\t<\/div>\n\t\t\t\t<\/div>\n\t\t\t\t\t<\/div>\n\t\t<\/div>\n\t\t\t\t\t<\/div>\n\t\t<\/section>\n\t\t\t\t\t<\/div>\n\t\t<\/div>\n\t\t\t\t\t<\/div>\n\t\t<\/section>\n\t\t<div class=\"elementor-element elementor-element-952858a e-flex e-con-boxed e-con e-parent\" data-id=\"952858a\" data-element_type=\"container\" data-e-type=\"container\">\n\t\t\t\t\t<div class=\"e-con-inner\">\n\t\t<div class=\"elementor-element elementor-element-d856770 e-con-full e-flex e-con e-child\" data-id=\"d856770\" data-element_type=\"container\" data-e-type=\"container\">\n\t\t\t\t<div class=\"elementor-element elementor-element-fc1fa8d elementor-widget__width-auto elementor-absolute elementor-widget elementor-widget-image\" data-id=\"fc1fa8d\" data-element_type=\"widget\" data-e-type=\"widget\" data-settings=\"{&quot;_position&quot;:&quot;absolute&quot;}\" data-widget_type=\"image.default\">\n\t\t\t\t<div class=\"elementor-widget-container\">\n\t\t\t\t\t\t\t\t\t\t\t\t\t\t\t<img decoding=\"async\" width=\"360\" height=\"360\" src=\"https:\/\/defensetechforukraine.org\/wp-content\/uploads\/2024\/09\/element-blur-2.png\" class=\"attachment-large size-large wp-image-22\" alt=\"\" srcset=\"https:\/\/defensetechforukraine.org\/wp-content\/uploads\/2024\/09\/element-blur-2.png 360w, https:\/\/defensetechforukraine.org\/wp-content\/uploads\/2024\/09\/element-blur-2-300x300.png 300w, https:\/\/defensetechforukraine.org\/wp-content\/uploads\/2024\/09\/element-blur-2-150x150.png 150w\" sizes=\"(max-width: 360px) 100vw, 360px\" \/>\t\t\t\t\t\t\t\t\t\t\t\t\t\t\t<\/div>\n\t\t\t\t<\/div>\n\t\t\t\t<div class=\"elementor-element elementor-element-023fcae elementor-widget elementor-widget-heading\" data-id=\"023fcae\" data-element_type=\"widget\" data-e-type=\"widget\" data-widget_type=\"heading.default\">\n\t\t\t\t<div class=\"elementor-widget-container\">\n\t\t\t\t\t<h6 class=\"elementor-heading-title elementor-size-default\">Verteidigungstechnologie f\u00fcr die Ukraine (DTU)<\/h6>\t\t\t\t<\/div>\n\t\t\t\t<\/div>\n\t\t\t\t<div class=\"elementor-element elementor-element-e2ad0e0 elementor-widget elementor-widget-heading\" data-id=\"e2ad0e0\" data-element_type=\"widget\" data-e-type=\"widget\" data-widget_type=\"heading.default\">\n\t\t\t\t<div class=\"elementor-widget-container\">\n\t\t\t\t\t<h2 class=\"elementor-heading-title elementor-size-default\">Helfen Sie uns, dem ukrainischen Milit\u00e4r zu helfen, Leben zu retten und die Freiheit zu sch\u00fctzen.<\/h2>\t\t\t\t<\/div>\n\t\t\t\t<\/div>\n\t\t\t\t<div class=\"elementor-element elementor-element-89c9ead elementor-widget elementor-widget-text-editor\" data-id=\"89c9ead\" data-element_type=\"widget\" data-e-type=\"widget\" data-widget_type=\"text-editor.default\">\n\t\t\t\t<div class=\"elementor-widget-container\">\n\t\t\t\t\t\t\t\t\t<p><span style=\"font-weight: 400;\">Defense Tech for Ukraine erm\u00f6glicht internationalen Freiwilligen, der Ukraine von \u00fcberall aus zu helfen. Engagieren Sie sich und stehen Sie auf der richtigen Seite der Geschichte<\/span><\/p>\t\t\t\t\t\t\t\t<\/div>\n\t\t\t\t<\/div>\n\t\t\t\t<div class=\"elementor-element elementor-element-fa77a23 elementor-mobile-align-justify elementor-widget elementor-widget-button\" data-id=\"fa77a23\" data-element_type=\"widget\" data-e-type=\"widget\" data-widget_type=\"button.default\">\n\t\t\t\t<div class=\"elementor-widget-container\">\n\t\t\t\t\t\t\t\t\t<div class=\"elementor-button-wrapper\">\n\t\t\t\t\t<a class=\"elementor-button elementor-button-link elementor-size-sm\" href=\"\/de\/sign-up-to-volunteer\/\">\n\t\t\t\t\t\t<span class=\"elementor-button-content-wrapper\">\n\t\t\t\t\t\t\t\t\t<span class=\"elementor-button-text\">Erste Schritte<\/span>\n\t\t\t\t\t<\/span>\n\t\t\t\t\t<\/a>\n\t\t\t\t<\/div>\n\t\t\t\t\t\t\t\t<\/div>\n\t\t\t\t<\/div>\n\t\t\t\t<\/div>\n\t\t<div class=\"elementor-element elementor-element-ebffe94 e-con-full e-flex e-con e-child\" data-id=\"ebffe94\" data-element_type=\"container\" data-e-type=\"container\">\n\t\t\t\t<div class=\"elementor-element elementor-element-9a11f3e elementor-widget elementor-widget-image\" data-id=\"9a11f3e\" data-element_type=\"widget\" data-e-type=\"widget\" data-widget_type=\"image.default\">\n\t\t\t\t<div class=\"elementor-widget-container\">\n\t\t\t\t\t\t\t\t\t\t\t\t\t\t\t<img decoding=\"async\" width=\"1707\" height=\"2560\" src=\"https:\/\/defensetechforukraine.org\/wp-content\/uploads\/2024\/09\/photo-Vadym-Pliashechko-_-State-Border-Guard-Service-of-Ukraine-_-the-Collection-of-war.ukraine.ua_-scaled.webp\" class=\"attachment-full size-full wp-image-1062\" alt=\"\" srcset=\"https:\/\/defensetechforukraine.org\/wp-content\/uploads\/2024\/09\/photo-Vadym-Pliashechko-_-State-Border-Guard-Service-of-Ukraine-_-the-Collection-of-war.ukraine.ua_-scaled.webp 1707w, https:\/\/defensetechforukraine.org\/wp-content\/uploads\/2024\/09\/photo-Vadym-Pliashechko-_-State-Border-Guard-Service-of-Ukraine-_-the-Collection-of-war.ukraine.ua_-200x300.webp 200w, https:\/\/defensetechforukraine.org\/wp-content\/uploads\/2024\/09\/photo-Vadym-Pliashechko-_-State-Border-Guard-Service-of-Ukraine-_-the-Collection-of-war.ukraine.ua_-683x1024.webp 683w, https:\/\/defensetechforukraine.org\/wp-content\/uploads\/2024\/09\/photo-Vadym-Pliashechko-_-State-Border-Guard-Service-of-Ukraine-_-the-Collection-of-war.ukraine.ua_-768x1152.webp 768w, https:\/\/defensetechforukraine.org\/wp-content\/uploads\/2024\/09\/photo-Vadym-Pliashechko-_-State-Border-Guard-Service-of-Ukraine-_-the-Collection-of-war.ukraine.ua_-1024x1536.webp 1024w, https:\/\/defensetechforukraine.org\/wp-content\/uploads\/2024\/09\/photo-Vadym-Pliashechko-_-State-Border-Guard-Service-of-Ukraine-_-the-Collection-of-war.ukraine.ua_-1365x2048.webp 1365w\" sizes=\"(max-width: 1707px) 100vw, 1707px\" \/>\t\t\t\t\t\t\t\t\t\t\t\t\t\t\t<\/div>\n\t\t\t\t<\/div>\n\t\t\t\t<\/div>\n\t\t\t\t\t<\/div>\n\t\t\t\t<\/div>\n\t\t<div class=\"elementor-element elementor-element-b46cd4b e-con-full e-flex e-con e-parent\" data-id=\"b46cd4b\" data-element_type=\"container\" data-e-type=\"container\" data-settings=\"{&quot;background_background&quot;:&quot;classic&quot;}\">\n\t\t<div class=\"elementor-element elementor-element-1dfe0e8 e-flex e-con-boxed e-con e-child\" data-id=\"1dfe0e8\" data-element_type=\"container\" data-e-type=\"container\">\n\t\t\t\t\t<div class=\"e-con-inner\">\n\t\t\t\t<div class=\"elementor-element elementor-element-c06a0ae elementor-widget__width-initial elementor-widget elementor-widget-heading\" data-id=\"c06a0ae\" data-element_type=\"widget\" data-e-type=\"widget\" data-widget_type=\"heading.default\">\n\t\t\t\t<div class=\"elementor-widget-container\">\n\t\t\t\t\t<div class=\"elementor-heading-title elementor-size-default\">Eine ausf\u00fchrliche Anleitung zum Kauf einer Drohne finden Sie, wenn Sie dem Link folgen und auf das Bild klicken.<\/div>\t\t\t\t<\/div>\n\t\t\t\t<\/div>\n\t\t\t\t<div class=\"elementor-element elementor-element-71fcb64 elementor-widget elementor-widget-image\" data-id=\"71fcb64\" data-element_type=\"widget\" data-e-type=\"widget\" data-widget_type=\"image.default\">\n\t\t\t\t<div class=\"elementor-widget-container\">\n\t\t\t\t\t\t\t\t\t\t\t\t\t\t\t\t<a href=\"https:\/\/defensetechforukraine.org\/wp-content\/uploads\/2025\/01\/How-to-buy-drones-for-Ukraine.pdf\" target=\"_blank\">\n\t\t\t\t\t\t\t<img loading=\"lazy\" decoding=\"async\" width=\"1920\" height=\"350\" src=\"https:\/\/defensetechforukraine.org\/wp-content\/uploads\/2025\/12\/image_05_DE_version.webp\" class=\"attachment-full size-full wp-image-953\" alt=\"\" srcset=\"https:\/\/defensetechforukraine.org\/wp-content\/uploads\/2025\/12\/image_05_DE_version.webp 960w, https:\/\/defensetechforukraine.org\/wp-content\/uploads\/2025\/12\/image_05_DE_version-300x55.webp 300w, https:\/\/defensetechforukraine.org\/wp-content\/uploads\/2025\/12\/image_05_DE_version-768x140.webp 768w, https:\/\/defensetechforukraine.org\/wp-content\/uploads\/2025\/12\/image_05_DE_version-18x3.webp 18w\" sizes=\"(max-width: 1920px) 100vw, 1920px\" \/>\t\t\t\t\t\t\t\t<\/a>\n\t\t\t\t\t\t\t\t\t\t\t\t\t\t\t<\/div>\n\t\t\t\t<\/div>\n\t\t\t\t\t<\/div>\n\t\t\t\t<\/div>\n\t\t\t\t<\/div>\n\t\t\t\t<\/div>","protected":false},"excerpt":{"rendered":"<p>Drones for Ukraine Drones for the Victory Work with our network to ramp up supplies of the main types of battlefield-ready drones ISR\/Recon Drones Intelligence, Surveillance, and Reconnaissance (ISR) drones play a critical role in the ongoing conflict with Russia. Ukrainian forces use these drones to track enemy movements, identify key targets, and coordinate precise [&hellip;]<\/p>\n","protected":false},"author":2,"featured_media":0,"parent":0,"menu_order":0,"comment_status":"closed","ping_status":"closed","template":"","meta":{"_acf_changed":false,"footnotes":""},"class_list":["post-190","page","type-page","status-publish","hentry"],"acf":[],"_links":{"self":[{"href":"https:\/\/defensetechforukraine.org\/de\/wp-json\/wp\/v2\/pages\/190","targetHints":{"allow":["GET"]}}],"collection":[{"href":"https:\/\/defensetechforukraine.org\/de\/wp-json\/wp\/v2\/pages"}],"about":[{"href":"https:\/\/defensetechforukraine.org\/de\/wp-json\/wp\/v2\/types\/page"}],"author":[{"embeddable":true,"href":"https:\/\/defensetechforukraine.org\/de\/wp-json\/wp\/v2\/users\/2"}],"replies":[{"embeddable":true,"href":"https:\/\/defensetechforukraine.org\/de\/wp-json\/wp\/v2\/comments?post=190"}],"version-history":[{"count":27,"href":"https:\/\/defensetechforukraine.org\/de\/wp-json\/wp\/v2\/pages\/190\/revisions"}],"predecessor-version":[{"id":5401,"href":"https:\/\/defensetechforukraine.org\/de\/wp-json\/wp\/v2\/pages\/190\/revisions\/5401"}],"wp:attachment":[{"href":"https:\/\/defensetechforukraine.org\/de\/wp-json\/wp\/v2\/media?parent=190"}],"curies":[{"name":"wp","href":"https:\/\/api.w.org\/{rel}","templated":true}]}}